{"id":7041,"date":"2024-12-30T08:43:58","date_gmt":"2024-12-30T08:43:58","guid":{"rendered":"https:\/\/gentomobil.ch\/?page_id=7041"},"modified":"2025-02-08T13:46:38","modified_gmt":"2025-02-08T13:46:38","slug":"uber-uns","status":"publish","type":"page","link":"https:\/\/gentomobil.ch\/fr\/uber-uns\/","title":{"rendered":"\u00c0 propos de nous"},"content":{"rendered":"<div data-elementor-type=\"wp-page\" data-elementor-id=\"7041\" class=\"elementor elementor-7041\">\n\t\t\t\t<div class=\"elementor-element elementor-element-d4a16d0 e-flex e-con-boxed e-con e-parent\" data-id=\"d4a16d0\" data-element_type=\"container\" data-e-type=\"container\">\n\t\t\t\t\t<div class=\"e-con-inner\">\n\t\t\t\t<div class=\"elementor-element elementor-element-482b1eb elementor-widget elementor-widget-heading\" data-id=\"482b1eb\" data-element_type=\"widget\" data-e-type=\"widget\" data-widget_type=\"heading.default\">\n\t\t\t\t<div class=\"elementor-widget-container\">\n\t\t\t\t\t<h2 class=\"elementor-heading-title elementor-size-default\">\u00c0 propos de nous<\/h2>\t\t\t\t<\/div>\n\t\t\t\t<\/div>\n\t\t\t\t\t<\/div>\n\t\t\t\t<\/div>\n\t\t<div class=\"elementor-element elementor-element-5967a80 e-flex e-con-boxed e-con e-parent\" data-id=\"5967a80\" data-element_type=\"container\" data-e-type=\"container\">\n\t\t\t\t\t<div class=\"e-con-inner\">\n\t\t\t\t<div class=\"elementor-element elementor-element-0a33057 elementor-widget elementor-widget-image\" data-id=\"0a33057\" data-element_type=\"widget\" data-e-type=\"widget\" data-widget_type=\"image.default\">\n\t\t\t\t<div class=\"elementor-widget-container\">\n\t\t\t\t\t\t\t\t\t\t\t\t\t\t\t<img fetchpriority=\"high\" decoding=\"async\" width=\"1024\" height=\"486\" src=\"https:\/\/gentomobil.ch\/wp-content\/uploads\/2024\/04\/Mobil-im-Alter_2-1024x486.jpg\" class=\"attachment-large size-large wp-image-4697\" alt=\"\" srcset=\"https:\/\/gentomobil.ch\/wp-content\/uploads\/2024\/04\/Mobil-im-Alter_2-1024x486.jpg 1024w, https:\/\/gentomobil.ch\/wp-content\/uploads\/2024\/04\/Mobil-im-Alter_2-300x142.jpg 300w, https:\/\/gentomobil.ch\/wp-content\/uploads\/2024\/04\/Mobil-im-Alter_2-600x285.jpg 600w, https:\/\/gentomobil.ch\/wp-content\/uploads\/2024\/04\/Mobil-im-Alter_2-768x365.jpg 768w, https:\/\/gentomobil.ch\/wp-content\/uploads\/2024\/04\/Mobil-im-Alter_2-1536x729.jpg 1536w, https:\/\/gentomobil.ch\/wp-content\/uploads\/2024\/04\/Mobil-im-Alter_2.jpg 1900w\" sizes=\"(max-width: 1024px) 100vw, 1024px\" \/>\t\t\t\t\t\t\t\t\t\t\t\t\t\t\t<\/div>\n\t\t\t\t<\/div>\n\t\t\t\t\t<\/div>\n\t\t\t\t<\/div>\n\t\t<div class=\"elementor-element elementor-element-55818af e-flex e-con-boxed e-con e-parent\" data-id=\"55818af\" data-element_type=\"container\" data-e-type=\"container\">\n\t\t\t\t\t<div class=\"e-con-inner\">\n\t\t\t\t<div class=\"elementor-element elementor-element-131c9fe elementor-widget elementor-widget-heading\" data-id=\"131c9fe\" data-element_type=\"widget\" data-e-type=\"widget\" data-widget_type=\"heading.default\">\n\t\t\t\t<div class=\"elementor-widget-container\">\n\t\t\t\t\t<h3 class=\"elementor-heading-title elementor-size-default\">Mobile m\u00eame \u00e0 un \u00e2ge avanc\u00e9 \u2013 m\u00eame sans permis de conduire<\/h3>\t\t\t\t<\/div>\n\t\t\t\t<\/div>\n\t\t\t\t<div class=\"elementor-element elementor-element-753abac elementor-widget elementor-widget-text-editor\" data-id=\"753abac\" data-element_type=\"widget\" data-e-type=\"widget\" data-widget_type=\"text-editor.default\">\n\t\t\t\t<div class=\"elementor-widget-container\">\n\t\t\t\t\t\t\t\t\t<p>Les \u00e9volutions d\u00e9mographiques, l\u2019entr\u00e9e dans la vieillesse de nouvelles g\u00e9n\u00e9rations issues d\u2019horizons diff\u00e9rents, ainsi que les nouveaux mod\u00e8les et formes de vieillesse active qui y sont associ\u00e9s conduisent \u00e0 une dynamique accrue de la seconde moiti\u00e9 de la vie, qui est historiquement nouvelle. La Suisse n&#039;a jamais eu autant de personnes \u00e2g\u00e9es et cette proportion va augmenter consid\u00e9rablement au cours des prochaines ann\u00e9es. Cette g\u00e9n\u00e9ration du baby-boom souhaite profiter de la vie et conserver son ind\u00e9pendance le plus longtemps possible.<\/p>\t\t\t\t\t\t\t\t<\/div>\n\t\t\t\t<\/div>\n\t\t<div class=\"elementor-element elementor-element-28f5ef8 e-grid e-con-full e-con e-child\" data-id=\"28f5ef8\" data-element_type=\"container\" data-e-type=\"container\">\n\t\t\t\t<div class=\"elementor-element elementor-element-7dfdf9f elementor-widget elementor-widget-image\" data-id=\"7dfdf9f\" data-element_type=\"widget\" data-e-type=\"widget\" data-widget_type=\"image.default\">\n\t\t\t\t<div class=\"elementor-widget-container\">\n\t\t\t\t\t\t\t\t\t\t\t\t\t\t\t<img decoding=\"async\" width=\"603\" height=\"652\" src=\"https:\/\/gentomobil.ch\/wp-content\/uploads\/2024\/04\/Mobilitaet.jpg\" class=\"attachment-large size-large wp-image-4715\" alt=\"\" srcset=\"https:\/\/gentomobil.ch\/wp-content\/uploads\/2024\/04\/Mobilitaet.jpg 603w, https:\/\/gentomobil.ch\/wp-content\/uploads\/2024\/04\/Mobilitaet-300x324.jpg 300w, https:\/\/gentomobil.ch\/wp-content\/uploads\/2024\/04\/Mobilitaet-600x649.jpg 600w, https:\/\/gentomobil.ch\/wp-content\/uploads\/2024\/04\/Mobilitaet-277x300.jpg 277w\" sizes=\"(max-width: 603px) 100vw, 603px\" \/>\t\t\t\t\t\t\t\t\t\t\t\t\t\t\t<\/div>\n\t\t\t\t<\/div>\n\t\t<div class=\"elementor-element elementor-element-ced33c0 e-con-full e-flex e-con e-child\" data-id=\"ced33c0\" data-element_type=\"container\" data-e-type=\"container\">\n\t\t\t\t<div class=\"elementor-element elementor-element-40e5abf elementor-widget elementor-widget-heading\" data-id=\"40e5abf\" data-element_type=\"widget\" data-e-type=\"widget\" data-widget_type=\"heading.default\">\n\t\t\t\t<div class=\"elementor-widget-container\">\n\t\t\t\t\t<h4 class=\"elementor-heading-title elementor-size-default\">Mobilit\u00e9 sans permis de conduire<\/h4>\t\t\t\t<\/div>\n\t\t\t\t<\/div>\n\t\t\t\t<div class=\"elementor-element elementor-element-17ee87d elementor-widget elementor-widget-text-editor\" data-id=\"17ee87d\" data-element_type=\"widget\" data-e-type=\"widget\" data-widget_type=\"text-editor.default\">\n\t\t\t\t<div class=\"elementor-widget-container\">\n\t\t\t\t\t\t\t\t\t<p>Les v\u00e9hicules \u00e9lectriques seniors Gentomobil maintiennent la mobilit\u00e9 au quotidien. Aucun permis de conduire, carte d&#039;immatriculation ou plaque d&#039;immatriculation n&#039;est requis. Les v\u00e9hicules \u00e9lectriques seniors se caract\u00e9risent par leur maniabilit\u00e9, roulent \u00e0 20 km\/h et peuvent parcourir des distances courtes \u00e0 moyennes. Le v\u00e9hicule \u00e9lectrique peut ainsi remplacer avantageusement la conduite automobile ou la marche et aider non seulement les personnes \u00e2g\u00e9es dans leur vie quotidienne. Profitez du quotidien sans limites, en toute s\u00e9curit\u00e9 et de mani\u00e8re ind\u00e9pendante, sans polluer l&#039;environnement. Les v\u00e9hicules seniors Gentomobil sont aliment\u00e9s par l\u2019\u00e9lectricit\u00e9 provenant directement de la prise. Un plus fort d&#039;un point de vue \u00e9cologique pour la nouvelle mobilit\u00e9.<\/p>\t\t\t\t\t\t\t\t<\/div>\n\t\t\t\t<\/div>\n\t\t\t\t<\/div>\n\t\t<div class=\"elementor-element elementor-element-87345ba e-con-full e-flex e-con e-child\" data-id=\"87345ba\" data-element_type=\"container\" data-e-type=\"container\">\n\t\t\t\t<div class=\"elementor-element elementor-element-771c763 elementor-widget elementor-widget-heading\" data-id=\"771c763\" data-element_type=\"widget\" data-e-type=\"widget\" data-widget_type=\"heading.default\">\n\t\t\t\t<div class=\"elementor-widget-container\">\n\t\t\t\t\t<h4 class=\"elementor-heading-title elementor-size-default\">Conseil, vente et maintenance<\/h4>\t\t\t\t<\/div>\n\t\t\t\t<\/div>\n\t\t\t\t<div class=\"elementor-element elementor-element-c4ef4a6 elementor-widget elementor-widget-text-editor\" data-id=\"c4ef4a6\" data-element_type=\"widget\" data-e-type=\"widget\" data-widget_type=\"text-editor.default\">\n\t\t\t\t<div class=\"elementor-widget-container\">\n\t\t\t\t\t\t\t\t\t<div><p>TOLGA GENCTURK<\/p><\/div><div>Forts de nos nombreuses ann\u00e9es d&#039;exp\u00e9rience dans le domaine des v\u00e9hicules, nous vous proposons notre soutien professionnel et comp\u00e9tent, du conseil \u00e0 la vente et \u00e0 l&#039;entretien ult\u00e9rieur du v\u00e9hicule.<\/div>\t\t\t\t\t\t\t\t<\/div>\n\t\t\t\t<\/div>\n\t\t\t\t<\/div>\n\t\t\t\t<div class=\"elementor-element elementor-element-bce854c elementor-widget elementor-widget-image\" data-id=\"bce854c\" data-element_type=\"widget\" data-e-type=\"widget\" data-widget_type=\"image.default\">\n\t\t\t\t<div class=\"elementor-widget-container\">\n\t\t\t\t\t\t\t\t\t\t\t\t\t\t\t<img decoding=\"async\" width=\"603\" height=\"652\" src=\"https:\/\/gentomobil.ch\/wp-content\/uploads\/2024\/04\/Tolga.jpg\" class=\"attachment-large size-large wp-image-4716\" alt=\"\" srcset=\"https:\/\/gentomobil.ch\/wp-content\/uploads\/2024\/04\/Tolga.jpg 603w, https:\/\/gentomobil.ch\/wp-content\/uploads\/2024\/04\/Tolga-300x324.jpg 300w, https:\/\/gentomobil.ch\/wp-content\/uploads\/2024\/04\/Tolga-600x649.jpg 600w, https:\/\/gentomobil.ch\/wp-content\/uploads\/2024\/04\/Tolga-277x300.jpg 277w\" sizes=\"(max-width: 603px) 100vw, 603px\" \/>\t\t\t\t\t\t\t\t\t\t\t\t\t\t\t<\/div>\n\t\t\t\t<\/div>\n\t\t\t\t<\/div>\n\t\t\t\t\t<\/div>\n\t\t\t\t<\/div>\n\t\t\t\t<\/div>","protected":false},"excerpt":{"rendered":"<p>\u00dcber Uns\u200b Mobil im Alter \u2013 auch ohne F\u00fchrerschein Die demographische Entwicklung, der Eintritt neuer Generationen mit anderen Lebenshintergr\u00fcnden ins Alter sowie die damit verbundenen neuen Modelle und Formen eines aktiven Alter(n)s f\u00fchren zu einer verst\u00e4rkten Dynamik der zweiten Lebensh\u00e4lfte, die historisch neu ist. Die Schweiz hat noch nie so viele \u00e4ltere Menschen gez\u00e4hlt und [&hellip;]<\/p>\n","protected":false},"author":1,"featured_media":0,"parent":0,"menu_order":0,"comment_status":"closed","ping_status":"closed","template":"","meta":{"om_disable_all_campaigns":false,"_uag_custom_page_level_css":"","_monsterinsights_skip_tracking":false,"_monsterinsights_sitenote_active":false,"_monsterinsights_sitenote_note":"","_monsterinsights_sitenote_category":0,"site-sidebar-layout":"no-sidebar","site-content-layout":"page-builder","ast-site-content-layout":"full-width-container","site-content-style":"default","site-sidebar-style":"default","ast-global-header-display":"","ast-banner-title-visibility":"","ast-main-header-display":"","ast-hfb-above-header-display":"","ast-hfb-below-header-display":"","ast-hfb-mobile-header-display":"","site-post-title":"disabled","ast-breadcrumbs-content":"","ast-featured-img":"disabled","footer-sml-layout":"","ast-disable-related-posts":"","theme-transparent-header-meta":"","adv-header-id-meta":"","stick-header-meta":"","header-above-stick-meta":"","header-main-stick-meta":"","header-below-stick-meta":"","astra-migrate-meta-layouts":"set","ast-page-background-enabled":"default","ast-page-background-meta":{"desktop":{"background-color":"","background-image":"","background-repeat":"repeat","background-position":"center center","background-size":"auto","background-attachment":"scroll","background-type":"","background-media":"","overlay-type":"","overlay-color":"","overlay-opacity":"","overlay-gradient":""},"tablet":{"background-color":"","background-image":"","background-repeat":"repeat","background-position":"center center","background-size":"auto","background-attachment":"scroll","background-type":"","background-media":"","overlay-type":"","overlay-color":"","overlay-opacity":"","overlay-gradient":""},"mobile":{"background-color":"","background-image":"","background-repeat":"repeat","background-position":"center center","background-size":"auto","background-attachment":"scroll","background-type":"","background-media":"","overlay-type":"","overlay-color":"","overlay-opacity":"","overlay-gradient":""}},"ast-content-background-meta":{"desktop":{"background-color":"var(--ast-global-color-5)","background-image":"","background-repeat":"repeat","background-position":"center center","background-size":"auto","background-attachment":"scroll","background-type":"","background-media":"","overlay-type":"","overlay-color":"","overlay-opacity":"","overlay-gradient":""},"tablet":{"background-color":"var(--ast-global-color-5)","background-image":"","background-repeat":"repeat","background-position":"center center","background-size":"auto","background-attachment":"scroll","background-type":"","background-media":"","overlay-type":"","overlay-color":"","overlay-opacity":"","overlay-gradient":""},"mobile":{"background-color":"var(--ast-global-color-5)","background-image":"","background-repeat":"repeat","background-position":"center center","background-size":"auto","background-attachment":"scroll","background-type":"","background-media":"","overlay-type":"","overlay-color":"","overlay-opacity":"","overlay-gradient":""}},"footnotes":""},"class_list":["post-7041","page","type-page","status-publish","hentry"],"aioseo_notices":[],"uagb_featured_image_src":{"full":false,"thumbnail":false,"medium":false,"medium_large":false,"large":false,"1536x1536":false,"2048x2048":false,"trp-custom-language-flag":false,"woocommerce_thumbnail":false,"woocommerce_single":false,"woocommerce_gallery_thumbnail":false},"uagb_author_info":{"display_name":"gencturk.tolga","author_link":"https:\/\/gentomobil.ch\/fr\/author\/gencturk-tolga\/"},"uagb_comment_info":0,"uagb_excerpt":"\u00dcber Uns\u200b Mobil im Alter \u2013 auch ohne F\u00fchrerschein Die demographische Entwicklung, der Eintritt neuer Generationen mit anderen Lebenshintergr\u00fcnden ins Alter sowie die damit verbundenen neuen Modelle und Formen eines aktiven Alter(n)s f\u00fchren zu einer verst\u00e4rkten Dynamik der zweiten Lebensh\u00e4lfte, die historisch neu ist. Die Schweiz hat noch nie so viele \u00e4ltere Menschen gez\u00e4hlt und\u2026","_links":{"self":[{"href":"https:\/\/gentomobil.ch\/fr\/wp-json\/wp\/v2\/pages\/7041","targetHints":{"allow":["GET"]}}],"collection":[{"href":"https:\/\/gentomobil.ch\/fr\/wp-json\/wp\/v2\/pages"}],"about":[{"href":"https:\/\/gentomobil.ch\/fr\/wp-json\/wp\/v2\/types\/page"}],"author":[{"embeddable":true,"href":"https:\/\/gentomobil.ch\/fr\/wp-json\/wp\/v2\/users\/1"}],"replies":[{"embeddable":true,"href":"https:\/\/gentomobil.ch\/fr\/wp-json\/wp\/v2\/comments?post=7041"}],"version-history":[{"count":9,"href":"https:\/\/gentomobil.ch\/fr\/wp-json\/wp\/v2\/pages\/7041\/revisions"}],"predecessor-version":[{"id":7115,"href":"https:\/\/gentomobil.ch\/fr\/wp-json\/wp\/v2\/pages\/7041\/revisions\/7115"}],"wp:attachment":[{"href":"https:\/\/gentomobil.ch\/fr\/wp-json\/wp\/v2\/media?parent=7041"}],"curies":[{"name":"wp","href":"https:\/\/api.w.org\/{rel}","templated":true}]}}