{"id":6485,"date":"2024-08-06T18:29:02","date_gmt":"2024-08-06T18:29:02","guid":{"rendered":"https:\/\/gentomobil.ch\/?post_type=product&#038;p=6485"},"modified":"2026-01-25T15:19:38","modified_gmt":"2026-01-25T15:19:38","slug":"e-scooter-es2","status":"publish","type":"product","link":"https:\/\/gentomobil.ch\/fr\/product\/e-scooter-es2\/","title":{"rendered":"Elektroroller ES2 20Km\/h"},"content":{"rendered":"<p><b>Gratuit sans limites : 16 ans et plus <\/b><b>pas de permis de conduire, pas de v\u00e9hicule<\/b><b>Carte d&#039;identit\u00e9 et aucune plaque d&#039;immatriculation requises pour utiliser un scooter \u00e9lectrique.<\/b><\/p>\n<p>Vous roulez confortablement sur la piste cyclable, l&#039;autonomie est <b>entre 30 et 50km<\/b>. Par temps froid et dans les pentes, les performances et la distance de conduite sont r\u00e9duites. Selon la charge utile, la capacit\u00e9 de mont\u00e9e est de 10% \u00e0 15%. Le scooter \u00e9lectrique roule <b>20 km\/h<\/b> rapide. Les faibles co\u00fbts d\u2019exploitation m\u00e9ritent d\u2019\u00eatre soulign\u00e9s.<span class=\"Apple-converted-space\">\u00a0<\/span><\/p>\n<p><b>Un sentiment vraiment royal d\u2019\u00eatre libre et mobile\u00a0!<\/b><b><\/b><\/p>\n<h3>\u00c9quipement:<\/h3>\n<ul>\n<li>Puissance du moteur 60 V, 500 watts<\/li>\n<li>Affichage num\u00e9rique de la vitesse, de la batterie et du compteur kilom\u00e9trique<\/li>\n<li>Lumi\u00e8re, clignotants, feux stop, feux de d\u00e9tresse et klaxon<\/li>\n<li>Freins \u00e0 disque hydrauliques \u00e0 l&#039;avant et \u00e0 l&#039;arri\u00e8re<\/li>\n<li>Fusible principal FI (disjoncteur)<\/li>\n<li>Espace de rangement sous le si\u00e8ge<\/li>\n<li>Coffre-valise verrouillable pour vos objets de valeur<\/li>\n<li>Chargeur avec automatique Fermer<\/li>\n<li>Fusible principal FI (disjoncteur)<\/li>\n<li>Selon l&#039;utilisation, le temps de charge est de trois \u00e0 huit heures<\/li>\n<li>Superbe design disponible en deux couleurs<\/li>\n<li>Robuste et fiable - le scooter \u00e9lectrique est \u00e9quip\u00e9 de tout le confort que vous pourriez souhaiter - le compagnon id\u00e9al pour tous les \u00e2ges.<\/li>\n<\/ul>","protected":false},"excerpt":{"rendered":"<p>Der neue E-Scooter ES2 von Gentomobil, 20 km\/h schnell und eine Reichweite von 30 bis 50 km. : F\u00fcr jedes Alter der perfekte Begleiter.<\/p>","protected":false},"featured_media":6612,"comment_status":"closed","ping_status":"closed","template":"","meta":{"om_disable_all_campaigns":false,"_uag_custom_page_level_css":"","_monsterinsights_skip_tracking":false,"_monsterinsights_sitenote_active":false,"_monsterinsights_sitenote_note":"","_monsterinsights_sitenote_category":0,"site-sidebar-layout":"default","site-content-layout":"","ast-site-content-layout":"default","site-content-style":"default","site-sidebar-style":"default","ast-global-header-display":"","ast-banner-title-visibility":"","ast-main-header-display":"","ast-hfb-above-header-display":"","ast-hfb-below-header-display":"","ast-hfb-mobile-header-display":"","site-post-title":"","ast-breadcrumbs-content":"","ast-featured-img":"","footer-sml-layout":"","ast-disable-related-posts":"","theme-transparent-header-meta":"default","adv-header-id-meta":"","stick-header-meta":"","header-above-stick-meta":"","header-main-stick-meta":"","header-below-stick-meta":"","astra-migrate-meta-layouts":"set","ast-page-background-enabled":"default","ast-page-background-meta":{"desktop":{"background-color":"","background-image":"","background-repeat":"repeat","background-position":"center center","background-size":"auto","background-attachment":"scroll","background-type":"","background-media":"","overlay-type":"","overlay-color":"","overlay-opacity":"","overlay-gradient":""},"tablet":{"background-color":"","background-image":"","background-repeat":"repeat","background-position":"center center","background-size":"auto","background-attachment":"scroll","background-type":"","background-media":"","overlay-type":"","overlay-color":"","overlay-opacity":"","overlay-gradient":""},"mobile":{"background-color":"","background-image":"","background-repeat":"repeat","background-position":"center center","background-size":"auto","background-attachment":"scroll","background-type":"","background-media":"","overlay-type":"","overlay-color":"","overlay-opacity":"","overlay-gradient":""}},"ast-content-background-meta":{"desktop":{"background-color":"var(--ast-global-color-5)","background-image":"","background-repeat":"repeat","background-position":"center center","background-size":"auto","background-attachment":"scroll","background-type":"","background-media":"","overlay-type":"","overlay-color":"","overlay-opacity":"","overlay-gradient":""},"tablet":{"background-color":"var(--ast-global-color-5)","background-image":"","background-repeat":"repeat","background-position":"center center","background-size":"auto","background-attachment":"scroll","background-type":"","background-media":"","overlay-type":"","overlay-color":"","overlay-opacity":"","overlay-gradient":""},"mobile":{"background-color":"var(--ast-global-color-5)","background-image":"","background-repeat":"repeat","background-position":"center center","background-size":"auto","background-attachment":"scroll","background-type":"","background-media":"","overlay-type":"","overlay-color":"","overlay-opacity":"","overlay-gradient":""}}},"product_brand":[],"product_cat":[35,57],"product_tag":[55],"class_list":{"0":"post-6485","1":"product","2":"type-product","3":"status-publish","4":"has-post-thumbnail","6":"product_cat-elektromobile","7":"product_cat-elektromobile-20kmh","8":"product_tag-elektroroller","9":"product_shipping_class-elektromobil","10":"desktop-align-left","11":"tablet-align-left","12":"mobile-align-left","14":"first","15":"outofstock","16":"taxable","17":"shipping-taxable","18":"purchasable","19":"product-type-variable","20":"has-default-attributes"},"aioseo_notices":[],"uagb_featured_image_src":{"full":["https:\/\/gentomobil.ch\/wp-content\/uploads\/2024\/08\/ES2_silber_1-1.jpg",1000,1000,false],"thumbnail":["https:\/\/gentomobil.ch\/wp-content\/uploads\/2024\/08\/ES2_silber_1-1-150x150.jpg",150,150,true],"medium":["https:\/\/gentomobil.ch\/wp-content\/uploads\/2024\/08\/ES2_silber_1-1-300x300.jpg",300,300,true],"medium_large":["https:\/\/gentomobil.ch\/wp-content\/uploads\/2024\/08\/ES2_silber_1-1-768x768.jpg",768,768,true],"large":["https:\/\/gentomobil.ch\/wp-content\/uploads\/2024\/08\/ES2_silber_1-1.jpg",1000,1000,false],"1536x1536":["https:\/\/gentomobil.ch\/wp-content\/uploads\/2024\/08\/ES2_silber_1-1.jpg",1000,1000,false],"2048x2048":["https:\/\/gentomobil.ch\/wp-content\/uploads\/2024\/08\/ES2_silber_1-1.jpg",1000,1000,false],"trp-custom-language-flag":["https:\/\/gentomobil.ch\/wp-content\/uploads\/2024\/08\/ES2_silber_1-1.jpg",12,12,false],"woocommerce_thumbnail":["https:\/\/gentomobil.ch\/wp-content\/uploads\/2024\/08\/ES2_silber_1-1-300x300.jpg",300,300,true],"woocommerce_single":["https:\/\/gentomobil.ch\/wp-content\/uploads\/2024\/08\/ES2_silber_1-1-600x600.jpg",600,600,true],"woocommerce_gallery_thumbnail":["https:\/\/gentomobil.ch\/wp-content\/uploads\/2024\/08\/ES2_silber_1-1-100x100.jpg",100,100,true]},"uagb_author_info":{"display_name":"gencturk.tolga","author_link":"https:\/\/gentomobil.ch\/fr\/author\/"},"uagb_comment_info":0,"uagb_excerpt":"Der neue E-Scooter ES2 von Gentomobil, 20 km\/h schnell und eine Reichweite von 30 bis 50 km. : F\u00fcr jedes Alter der perfekte Begleiter.","_links":{"self":[{"href":"https:\/\/gentomobil.ch\/fr\/wp-json\/wp\/v2\/product\/6485","targetHints":{"allow":["GET"]}}],"collection":[{"href":"https:\/\/gentomobil.ch\/fr\/wp-json\/wp\/v2\/product"}],"about":[{"href":"https:\/\/gentomobil.ch\/fr\/wp-json\/wp\/v2\/types\/product"}],"replies":[{"embeddable":true,"href":"https:\/\/gentomobil.ch\/fr\/wp-json\/wp\/v2\/comments?post=6485"}],"version-history":[{"count":5,"href":"https:\/\/gentomobil.ch\/fr\/wp-json\/wp\/v2\/product\/6485\/revisions"}],"predecessor-version":[{"id":7186,"href":"https:\/\/gentomobil.ch\/fr\/wp-json\/wp\/v2\/product\/6485\/revisions\/7186"}],"wp:featuredmedia":[{"embeddable":true,"href":"https:\/\/gentomobil.ch\/fr\/wp-json\/wp\/v2\/media\/6612"}],"wp:attachment":[{"href":"https:\/\/gentomobil.ch\/fr\/wp-json\/wp\/v2\/media?parent=6485"}],"wp:term":[{"taxonomy":"product_brand","embeddable":true,"href":"https:\/\/gentomobil.ch\/fr\/wp-json\/wp\/v2\/product_brand?post=6485"},{"taxonomy":"product_cat","embeddable":true,"href":"https:\/\/gentomobil.ch\/fr\/wp-json\/wp\/v2\/product_cat?post=6485"},{"taxonomy":"product_tag","embeddable":true,"href":"https:\/\/gentomobil.ch\/fr\/wp-json\/wp\/v2\/product_tag?post=6485"}],"curies":[{"name":"wp","href":"https:\/\/api.w.org\/{rel}","templated":true}]}}