{"id":6554,"date":"2024-08-06T18:30:16","date_gmt":"2024-08-06T18:30:16","guid":{"rendered":"https:\/\/gentomobil.ch\/?post_type=product&#038;p=6554"},"modified":"2026-01-25T15:20:03","modified_gmt":"2026-01-25T15:20:03","slug":"elektromobil-modell-es4-2","status":"publish","type":"product","link":"https:\/\/gentomobil.ch\/fr\/product\/elektromobil-modell-es4-2\/","title":{"rendered":"Elektromobil Modell ES4 20Km\/h"},"content":{"rendered":"<p><b>Gratuit sans fronti\u00e8res\u00a0: aucun permis de conduire, aucune carte d&#039;identit\u00e9 de v\u00e9hicule ou plaque d&#039;immatriculation n&#039;est requis\u00a0<\/b><b>d&#039;utiliser un v\u00e9hicule pour personnes \u00e2g\u00e9es.<\/b><\/p>\n<p>Vous roulez confortablement sur la piste cyclable, l&#039;autonomie est interm\u00e9diaire (les performances et la distance de conduite sont r\u00e9duites par temps froid et dans les pentes). <b>25 et 50km<\/b>. La capacit\u00e9 d&#039;escalade est <b>10%<\/b>. La voiture senior roule <b>20 km\/h<\/b> rapide. Les faibles co\u00fbts d\u2019exploitation m\u00e9ritent d\u2019\u00eatre soulign\u00e9s.<\/p>\n<p><b>Un sentiment vraiment royal d\u2019\u00eatre libre et mobile\u00a0!<span class=\"Apple-converted-space\">\u00a0<\/span><\/b><\/p>\n<h3>\u00c9quipement:<\/h3>\n<ul>\n<li>Puissance du moteur 60 V, 500 watts<\/li>\n<li>Trois niveaux de vitesse et une marche arri\u00e8re<\/li>\n<li>Affichage num\u00e9rique de la vitesse, de la batterie et du niveau de commutation<\/li>\n<li>Lumi\u00e8re, clignotants, feux de d\u00e9tresse, feux stop et klaxon<\/li>\n<li>Frein de stationnement<\/li>\n<li>Freins \u00e0 tambour \u00e0 l&#039;avant et \u00e0 l&#039;arri\u00e8re<\/li>\n<li>Pneus sans chambre<\/li>\n<li>essieu diff\u00e9rentiel<\/li>\n<li>Fusible principal FI (disjoncteur)<\/li>\n<li>Espace de rangement sous le si\u00e8ge<\/li>\n<li>Coffre-valise verrouillable pour vos objets de valeur<\/li>\n<li>Si\u00e8ge et dossier r\u00e9glables<\/li>\n<li>Selon l&#039;utilisation, le temps de charge est de trois \u00e0 huit heures<\/li>\n<li>Chargeur \u00e9teint automatiquement<\/li>\n<li>Un superbe design disponible en diff\u00e9rentes couleurs, robuste et fiable.<br \/>\nLe v\u00e9hicule senior est \u00e9quip\u00e9 de tout le confort que vous pourriez souhaiter - le compagnon id\u00e9al pour tous les \u00e2ges.<\/li>\n<\/ul>","protected":false},"excerpt":{"rendered":"<p>Das Elektromobil f\u00e4hrt 20 km\/h schnell und hat eine Reichweite von 30 bis 50 km. Das Modell ES4 von Gentomobil: F\u00fcr jedes Alter der perfekte Begleiter.<\/p>","protected":false},"featured_media":6557,"comment_status":"closed","ping_status":"closed","template":"","meta":{"om_disable_all_campaigns":false,"_uag_custom_page_level_css":"","_monsterinsights_skip_tracking":false,"_monsterinsights_sitenote_active":false,"_monsterinsights_sitenote_note":"","_monsterinsights_sitenote_category":0,"site-sidebar-layout":"default","site-content-layout":"","ast-site-content-layout":"default","site-content-style":"default","site-sidebar-style":"default","ast-global-header-display":"","ast-banner-title-visibility":"","ast-main-header-display":"","ast-hfb-above-header-display":"","ast-hfb-below-header-display":"","ast-hfb-mobile-header-display":"","site-post-title":"","ast-breadcrumbs-content":"","ast-featured-img":"","footer-sml-layout":"","ast-disable-related-posts":"","theme-transparent-header-meta":"default","adv-header-id-meta":"","stick-header-meta":"","header-above-stick-meta":"","header-main-stick-meta":"","header-below-stick-meta":"","astra-migrate-meta-layouts":"set","ast-page-background-enabled":"default","ast-page-background-meta":{"desktop":{"background-color":"","background-image":"","background-repeat":"repeat","background-position":"center center","background-size":"auto","background-attachment":"scroll","background-type":"","background-media":"","overlay-type":"","overlay-color":"","overlay-opacity":"","overlay-gradient":""},"tablet":{"background-color":"","background-image":"","background-repeat":"repeat","background-position":"center center","background-size":"auto","background-attachment":"scroll","background-type":"","background-media":"","overlay-type":"","overlay-color":"","overlay-opacity":"","overlay-gradient":""},"mobile":{"background-color":"","background-image":"","background-repeat":"repeat","background-position":"center center","background-size":"auto","background-attachment":"scroll","background-type":"","background-media":"","overlay-type":"","overlay-color":"","overlay-opacity":"","overlay-gradient":""}},"ast-content-background-meta":{"desktop":{"background-color":"var(--ast-global-color-5)","background-image":"","background-repeat":"repeat","background-position":"center center","background-size":"auto","background-attachment":"scroll","background-type":"","background-media":"","overlay-type":"","overlay-color":"","overlay-opacity":"","overlay-gradient":""},"tablet":{"background-color":"var(--ast-global-color-5)","background-image":"","background-repeat":"repeat","background-position":"center center","background-size":"auto","background-attachment":"scroll","background-type":"","background-media":"","overlay-type":"","overlay-color":"","overlay-opacity":"","overlay-gradient":""},"mobile":{"background-color":"var(--ast-global-color-5)","background-image":"","background-repeat":"repeat","background-position":"center center","background-size":"auto","background-attachment":"scroll","background-type":"","background-media":"","overlay-type":"","overlay-color":"","overlay-opacity":"","overlay-gradient":""}}},"product_brand":[],"product_cat":[35,57],"product_tag":[],"class_list":{"0":"post-6554","1":"product","2":"type-product","3":"status-publish","4":"has-post-thumbnail","6":"product_cat-elektromobile","7":"product_cat-elektromobile-20kmh","8":"product_shipping_class-elektromobil","9":"desktop-align-left","10":"tablet-align-left","11":"mobile-align-left","13":"first","14":"outofstock","15":"taxable","16":"shipping-taxable","17":"purchasable","18":"product-type-variable","19":"has-default-attributes"},"aioseo_notices":[],"uagb_featured_image_src":{"full":["https:\/\/gentomobil.ch\/wp-content\/uploads\/2024\/08\/ES4_orange_1-1.jpg",1000,1000,false],"thumbnail":["https:\/\/gentomobil.ch\/wp-content\/uploads\/2024\/08\/ES4_orange_1-1-150x150.jpg",150,150,true],"medium":["https:\/\/gentomobil.ch\/wp-content\/uploads\/2024\/08\/ES4_orange_1-1-300x300.jpg",300,300,true],"medium_large":["https:\/\/gentomobil.ch\/wp-content\/uploads\/2024\/08\/ES4_orange_1-1-768x768.jpg",768,768,true],"large":["https:\/\/gentomobil.ch\/wp-content\/uploads\/2024\/08\/ES4_orange_1-1.jpg",1000,1000,false],"1536x1536":["https:\/\/gentomobil.ch\/wp-content\/uploads\/2024\/08\/ES4_orange_1-1.jpg",1000,1000,false],"2048x2048":["https:\/\/gentomobil.ch\/wp-content\/uploads\/2024\/08\/ES4_orange_1-1.jpg",1000,1000,false],"trp-custom-language-flag":["https:\/\/gentomobil.ch\/wp-content\/uploads\/2024\/08\/ES4_orange_1-1.jpg",12,12,false],"woocommerce_thumbnail":["https:\/\/gentomobil.ch\/wp-content\/uploads\/2024\/08\/ES4_orange_1-1-300x300.jpg",300,300,true],"woocommerce_single":["https:\/\/gentomobil.ch\/wp-content\/uploads\/2024\/08\/ES4_orange_1-1-600x600.jpg",600,600,true],"woocommerce_gallery_thumbnail":["https:\/\/gentomobil.ch\/wp-content\/uploads\/2024\/08\/ES4_orange_1-1-100x100.jpg",100,100,true]},"uagb_author_info":{"display_name":"gencturk.tolga","author_link":"https:\/\/gentomobil.ch\/fr\/author\/"},"uagb_comment_info":0,"uagb_excerpt":"Das Elektromobil f\u00e4hrt 20 km\/h schnell und hat eine Reichweite von 30 bis 50 km. Das Modell ES4 von Gentomobil: F\u00fcr jedes Alter der perfekte Begleiter.","_links":{"self":[{"href":"https:\/\/gentomobil.ch\/fr\/wp-json\/wp\/v2\/product\/6554","targetHints":{"allow":["GET"]}}],"collection":[{"href":"https:\/\/gentomobil.ch\/fr\/wp-json\/wp\/v2\/product"}],"about":[{"href":"https:\/\/gentomobil.ch\/fr\/wp-json\/wp\/v2\/types\/product"}],"replies":[{"embeddable":true,"href":"https:\/\/gentomobil.ch\/fr\/wp-json\/wp\/v2\/comments?post=6554"}],"version-history":[{"count":4,"href":"https:\/\/gentomobil.ch\/fr\/wp-json\/wp\/v2\/product\/6554\/revisions"}],"predecessor-version":[{"id":7181,"href":"https:\/\/gentomobil.ch\/fr\/wp-json\/wp\/v2\/product\/6554\/revisions\/7181"}],"wp:featuredmedia":[{"embeddable":true,"href":"https:\/\/gentomobil.ch\/fr\/wp-json\/wp\/v2\/media\/6557"}],"wp:attachment":[{"href":"https:\/\/gentomobil.ch\/fr\/wp-json\/wp\/v2\/media?parent=6554"}],"wp:term":[{"taxonomy":"product_brand","embeddable":true,"href":"https:\/\/gentomobil.ch\/fr\/wp-json\/wp\/v2\/product_brand?post=6554"},{"taxonomy":"product_cat","embeddable":true,"href":"https:\/\/gentomobil.ch\/fr\/wp-json\/wp\/v2\/product_cat?post=6554"},{"taxonomy":"product_tag","embeddable":true,"href":"https:\/\/gentomobil.ch\/fr\/wp-json\/wp\/v2\/product_tag?post=6554"}],"curies":[{"name":"wp","href":"https:\/\/api.w.org\/{rel}","templated":true}]}}