{"id":6657,"date":"2024-08-06T18:32:28","date_gmt":"2024-08-06T18:32:28","guid":{"rendered":"https:\/\/gentomobil.ch\/?post_type=product&#038;p=6657"},"modified":"2026-04-30T03:59:08","modified_gmt":"2026-04-30T03:59:08","slug":"fortuna-e-20kmh-lithium","status":"publish","type":"product","link":"https:\/\/gentomobil.ch\/fr\/product\/fortuna-e-20kmh-lithium\/","title":{"rendered":"Elektromobil Fortuna-e 20km\/h (Lithium-Akku)"},"content":{"rendered":"<h2 data-start=\"443\" data-end=\"492\"><\/h2>\n<h2 data-start=\"443\" data-end=\"492\">Elektromobil Fortuna Car \u2013 Mobilit\u00e4t ohne Grenzen<\/h2>\n<p data-start=\"494\" data-end=\"827\"><span data-start=\"511\" data-end=\"537\">Das Modell Fortuna Car<\/span> ist die perfekte L\u00f6sung f\u00fcr alle, die mobil bleiben m\u00f6chten \u2013 <strong data-start=\"600\" data-end=\"640\">bequem, sicher und ohne F\u00fchrerschein<\/strong>. Es f\u00e4hrt bis zu <strong data-start=\"658\" data-end=\"677\">20 km\/h schnell<\/strong> und bietet eine <strong data-start=\"694\" data-end=\"733\">Reichweite von 70 bis 100 Kilometern<\/strong>. Die Steigf\u00e4higkeit betr\u00e4gt\u00a0je nach Zuladung 10% bis 15%. Damit eignet es sich ideal f\u00fcr in der Stadt oder entspannte Fahrten auf dem Land.<\/p>\n<h2 data-start=\"829\" data-end=\"859\">Bequem und sicher unterwegs<\/h2>\n<p data-start=\"861\" data-end=\"1133\">Der ergonomische <strong data-start=\"878\" data-end=\"892\">Lenkrad<\/strong> sorgt f\u00fcr eine angenehme Fahrposition. Dadurch bleibt das Fahren auch bei l\u00e4ngeren Strecken komfortabel.<\/p>\n<p data-start=\"861\" data-end=\"1133\"><strong data-start=\"1135\" data-end=\"1153\">Gut zu wissen:<\/strong> Sie d\u00fcrfen das Modell Fortuna Car <strong data-start=\"1178\" data-end=\"1199\">ohne F\u00fchrerschein<\/strong> fahren \u2013 sogar bereits ab <strong data-start=\"1226\" data-end=\"1239\">16 Jahren<\/strong>!<\/p>\n<h2 data-start=\"1242\" data-end=\"1269\">Vorteile auf einen Blick<\/h2>\n<p data-start=\"1271\" data-end=\"1588\">\u2714\ufe0f <strong data-start=\"1274\" data-end=\"1314\">Bis zu 20 km\/h H\u00f6chstgeschwindigkeit<\/strong><br data-start=\"1314\" data-end=\"1317\" \/>\ud83d\udc49 <strong>70\u2013100 km Reichweite<\/strong> \u2013 je nach Gel\u00e4nde und Fahrweise<br data-start=\"1375\" data-end=\"1378\" \/>\u2714\ufe0f <strong data-start=\"1381\" data-end=\"1417\">Kein F\u00fchrerschein erforderlich<\/strong><br data-start=\"1417\" data-end=\"1420\" \/><strong data-start=\"1423\" data-end=\"1470\">\ud83d\udc49Ergonomischer Lenker f\u00fcr einfache Steuerung<\/strong><br data-start=\"1470\" data-end=\"1473\" \/>\u2714\ufe0f <strong data-start=\"1476\" data-end=\"1517\">Bequeme Federung f\u00fcr mehr Fahrkomfort<\/strong><br data-start=\"1517\" data-end=\"1520\" \/><strong data-start=\"1523\" data-end=\"1554\">\ud83d\udc49Bequemer Sitz\u00a0<\/strong><br data-start=\"1554\" data-end=\"1557\" \/>\u2714\ufe0f <strong data-start=\"1560\" data-end=\"1586\">Geringe Betriebskosten<\/strong><\/p>\n<h2 data-start=\"1590\" data-end=\"1615\">F\u00fcr den Alltag gemacht<\/h2>\n<p data-start=\"1617\" data-end=\"1809\">Der Fortuna Car ist nicht nur praktisch, sondern auch <strong data-start=\"1668\" data-end=\"1694\">robust und zuverl\u00e4ssig<\/strong>. Ob Sie zum Arzt, zum Einkaufen oder einfach in den Park m\u00f6chten \u2013 dieses Elektromobil bringt Sie sicher ans Ziel.<\/p>\n<p data-start=\"1811\" data-end=\"1921\"><strong data-start=\"1811\" data-end=\"1823\">Au\u00dferdem<\/strong>: Sie fahren ganz legal auf dem <strong data-start=\"1855\" data-end=\"1870\">Radstreifen<\/strong>, was die t\u00e4gliche Nutzung besonders einfach macht.<\/p>\n<h2 data-start=\"1923\" data-end=\"1955\">Technische Daten im \u00dcberblick<\/h2>\n<p>&nbsp;<\/p>\n<ul data-start=\"1957\" data-end=\"2245\">\n<li data-start=\"1987\" data-end=\"2011\">\n<p data-start=\"1989\" data-end=\"2011\"><strong data-start=\"1989\" data-end=\"2000\">Modell:<\/strong> Fortuna Car<\/p>\n<\/li>\n<li data-start=\"2012\" data-end=\"2049\">\n<p data-start=\"2014\" data-end=\"2049\"><strong data-start=\"2014\" data-end=\"2034\">Geschwindigkeit:<\/strong> max. 20 km\/h<\/p>\n<\/li>\n<li data-start=\"2050\" data-end=\"2082\">\n<p data-start=\"2052\" data-end=\"2082\"><strong data-start=\"2052\" data-end=\"2067\">Reichweite:<\/strong> ca. 70\u2013100 km<\/p>\n<\/li>\n<li data-start=\"2083\" data-end=\"2126\">\n<p data-start=\"2085\" data-end=\"2126\"><strong data-start=\"2085\" data-end=\"2098\">Batterie:<\/strong> LiFePO4 Akku 64V &#8211; 100Ah<\/p>\n<\/li>\n<li data-start=\"2127\" data-end=\"2178\">\n<p data-start=\"2129\" data-end=\"2178\"><strong data-start=\"2129\" data-end=\"2142\">Ladezeit:<\/strong> ca. 6\u201310 Stunden (je nach Nutzung)<\/p>\n<\/li>\n<li data-start=\"2208\" data-end=\"2245\">\n<p data-start=\"2210\" data-end=\"2245\"><strong data-start=\"2210\" data-end=\"2228\">Motorleistung:<\/strong> 60V, 1000 &#8211; 2000 Watt<\/p>\n<\/li>\n<\/ul>\n<h3 data-start=\"2247\" data-end=\"2270\">Weitere Ausstattung<\/h3>\n<ul data-start=\"2272\" data-end=\"2834\">\n<li data-start=\"2272\" data-end=\"2290\">\n<p data-start=\"2274\" data-end=\"2290\">R\u00fcckfahrkamera<\/p>\n<\/li>\n<li data-start=\"2291\" data-end=\"2350\">\n<p data-start=\"2293\" data-end=\"2350\">Digitale Anzeige (Geschwindigkeit, Batterie, Kilometer)<\/p>\n<\/li>\n<li data-start=\"2351\" data-end=\"2366\">\n<p data-start=\"2353\" data-end=\"2366\">Syst\u00e8me d&#039;alarme<\/p>\n<\/li>\n<li data-start=\"2367\" data-end=\"2417\">\n<p data-start=\"2369\" data-end=\"2417\">Elektrische Fensterheber &amp; Scheibenwaschanlage<\/p>\n<\/li>\n<li data-start=\"2418\" data-end=\"2448\">\n<p data-start=\"2420\" data-end=\"2448\">Heizung &amp; Innenraumgebl\u00e4se<\/p>\n<\/li>\n<li data-start=\"2449\" data-end=\"2493\">\n<p data-start=\"2451\" data-end=\"2493\">Bluetooth-Soundsystem &amp; Freisprechanlage<\/p>\n<\/li>\n<li data-start=\"2494\" data-end=\"2554\">\n<p data-start=\"2496\" data-end=\"2554\">LED-Lichtsystem (inkl. Blinker, Warnblinker, Bremslicht)<\/p>\n<\/li>\n<li data-start=\"2555\" data-end=\"2589\">\n<p data-start=\"2557\" data-end=\"2589\">Kippbares Dach und Heckfenster<\/p>\n<\/li>\n<li data-start=\"2590\" data-end=\"2626\">\n<p data-start=\"2592\" data-end=\"2626\">Handbremse, hydraulische Bremsen<\/p>\n<\/li>\n<li data-start=\"2627\" data-end=\"2650\">\n<p data-start=\"2629\" data-end=\"2650\">Pneus sans chambre<\/p>\n<\/li>\n<li data-start=\"2651\" data-end=\"2683\">\n<p data-start=\"2653\" data-end=\"2683\">Leitungsschutzschalter LS-Schalter (Sicherung)<\/p>\n<\/li>\n<li data-start=\"2684\" data-end=\"2718\">\n<p data-start=\"2686\" data-end=\"2718\">Stauraum hinter dem Fahrersitz<\/p>\n<\/li>\n<li data-start=\"2719\" data-end=\"2755\">\n<p data-start=\"2721\" data-end=\"2755\">Verstellbarer Sitz &amp; R\u00fcckenlehne<\/p>\n<\/li>\n<li data-start=\"2756\" data-end=\"2795\">\n<p data-start=\"2758\" data-end=\"2795\">Arr\u00eat automatique du chargeur<\/p>\n<\/li>\n<li data-start=\"2796\" data-end=\"2834\">\n<p data-start=\"2798\" data-end=\"2834\">In verschiedenen Farben erh\u00e4ltlich<\/p>\n<\/li>\n<\/ul>\n<h2 data-start=\"2836\" data-end=\"2872\">F\u00fcr welche Personen eignet sich der Fortuna Car?<\/h2>\n<p data-start=\"2874\" data-end=\"2908\">Dieses Elektromobil ist ideal f\u00fcr:<\/p>\n<ul data-start=\"2910\" data-end=\"3082\">\n<li data-start=\"2910\" data-end=\"2949\">\n<p data-start=\"2912\" data-end=\"2949\">Senioren, die mobil bleiben m\u00f6chten<\/p>\n<\/li>\n<li data-start=\"2950\" data-end=\"2992\">\n<p data-start=\"2952\" data-end=\"2992\">Menschen mit eingeschr\u00e4nkter Mobilit\u00e4t<\/p>\n<\/li>\n<li data-start=\"2993\" data-end=\"3023\">\n<p data-start=\"2995\" data-end=\"3023\">Personen ohne F\u00fchrerschein<\/p>\n<\/li>\n<li data-start=\"3024\" data-end=\"3082\">\n<p data-start=\"3026\" data-end=\"3082\">Alle, die sicher und komfortabel unterwegs sein wollen<\/p>\n<\/li>\n<\/ul>\n<h2 data-start=\"3084\" data-end=\"3110\">Warum ein Elektromobil?<\/h2>\n<p data-start=\"3112\" data-end=\"3325\">Ein Elektromobil macht Sie im Alltag <strong data-start=\"3149\" data-end=\"3176\">unabh\u00e4ngig und flexibel<\/strong>.<br data-start=\"3177\" data-end=\"3180\" \/><strong data-start=\"3180\" data-end=\"3189\">Zudem<\/strong> ist das Fahren <strong data-start=\"3205\" data-end=\"3247\">emissionsfrei, leise und kosteng\u00fcnstig<\/strong>.<br data-start=\"3248\" data-end=\"3251\" \/>Sie erledigen Ihre Wege wieder selbst \u2013 ohne auf Hilfe angewiesen zu sein.<\/p>\n<h2 data-start=\"3707\" data-end=\"3740\">Jetzt bestellen bei Gentomobil<\/h2>\n<p data-start=\"3742\" data-end=\"3904\">Erleben Sie neue Freiheiten im Alltag \u2013 mit dem Fortuna Car von Gentomobil.<br data-start=\"3811\" data-end=\"3814\" \/>\ud83d\udce6 <strong data-start=\"3817\" data-end=\"3836\">Jetzt bestellen<\/strong> und bei Fragen einfach Kontakt aufnehmen \u2013 wir helfen gerne weiter!<\/p>\n<p style=\"text-align: left;\" data-start=\"3742\" data-end=\"3904\">\ud83d\udc49 Entdecken Sie auch unser breites Sortiment an <a href=\"https:\/\/gentomobil.ch\/fr\/product-category\/elektromobile\/\">weiteren Modellen<\/a> \u2013 f\u00fcr jeden Bedarf die perfekte L\u00f6sung!<\/p>","protected":false},"excerpt":{"rendered":"<p>Das Elektromobil f\u00e4hrt 20 km\/h schnell und hat eine Reichweite von 70km &#8211; 100km. F\u00fcr jedes Alter der perfekte Begleiter.<\/p>","protected":false},"featured_media":7744,"comment_status":"closed","ping_status":"closed","template":"","meta":{"om_disable_all_campaigns":false,"_uag_custom_page_level_css":"","_monsterinsights_skip_tracking":false,"_monsterinsights_sitenote_active":false,"_monsterinsights_sitenote_note":"","_monsterinsights_sitenote_category":0,"site-sidebar-layout":"default","site-content-layout":"","ast-site-content-layout":"default","site-content-style":"default","site-sidebar-style":"default","ast-global-header-display":"","ast-banner-title-visibility":"","ast-main-header-display":"","ast-hfb-above-header-display":"","ast-hfb-below-header-display":"","ast-hfb-mobile-header-display":"","site-post-title":"","ast-breadcrumbs-content":"","ast-featured-img":"","footer-sml-layout":"","ast-disable-related-posts":"","theme-transparent-header-meta":"default","adv-header-id-meta":"","stick-header-meta":"","header-above-stick-meta":"","header-main-stick-meta":"","header-below-stick-meta":"","astra-migrate-meta-layouts":"set","ast-page-background-enabled":"default","ast-page-background-meta":{"desktop":{"background-color":"","background-image":"","background-repeat":"repeat","background-position":"center center","background-size":"auto","background-attachment":"scroll","background-type":"","background-media":"","overlay-type":"","overlay-color":"","overlay-opacity":"","overlay-gradient":""},"tablet":{"background-color":"","background-image":"","background-repeat":"repeat","background-position":"center center","background-size":"auto","background-attachment":"scroll","background-type":"","background-media":"","overlay-type":"","overlay-color":"","overlay-opacity":"","overlay-gradient":""},"mobile":{"background-color":"","background-image":"","background-repeat":"repeat","background-position":"center center","background-size":"auto","background-attachment":"scroll","background-type":"","background-media":"","overlay-type":"","overlay-color":"","overlay-opacity":"","overlay-gradient":""}},"ast-content-background-meta":{"desktop":{"background-color":"var(--ast-global-color-5)","background-image":"","background-repeat":"repeat","background-position":"center center","background-size":"auto","background-attachment":"scroll","background-type":"","background-media":"","overlay-type":"","overlay-color":"","overlay-opacity":"","overlay-gradient":""},"tablet":{"background-color":"var(--ast-global-color-5)","background-image":"","background-repeat":"repeat","background-position":"center center","background-size":"auto","background-attachment":"scroll","background-type":"","background-media":"","overlay-type":"","overlay-color":"","overlay-opacity":"","overlay-gradient":""},"mobile":{"background-color":"var(--ast-global-color-5)","background-image":"","background-repeat":"repeat","background-position":"center center","background-size":"auto","background-attachment":"scroll","background-type":"","background-media":"","overlay-type":"","overlay-color":"","overlay-opacity":"","overlay-gradient":""}}},"product_brand":[72,71],"product_cat":[35,57],"product_tag":[44],"class_list":{"0":"post-6657","1":"product","2":"type-product","3":"status-publish","4":"has-post-thumbnail","6":"product_brand-fortuna-car","7":"product_brand-gentomobil","8":"product_cat-elektromobile","9":"product_cat-elektromobile-20kmh","10":"product_tag-elektromobil-gentomobil","11":"product_shipping_class-elektromobil","12":"desktop-align-left","13":"tablet-align-left","14":"mobile-align-left","16":"first","17":"instock","18":"taxable","19":"shipping-taxable","20":"purchasable","21":"product-type-variable"},"aioseo_notices":[],"uagb_featured_image_src":{"full":["https:\/\/gentomobil.ch\/wp-content\/uploads\/fortuna-e-00314.jpg",1350,900,false],"thumbnail":["https:\/\/gentomobil.ch\/wp-content\/uploads\/fortuna-e-00314-150x150.jpg",150,150,true],"medium":["https:\/\/gentomobil.ch\/wp-content\/uploads\/fortuna-e-00314-300x200.jpg",300,200,true],"medium_large":["https:\/\/gentomobil.ch\/wp-content\/uploads\/fortuna-e-00314-768x512.jpg",768,512,true],"large":["https:\/\/gentomobil.ch\/wp-content\/uploads\/fortuna-e-00314-1024x683.jpg",1024,683,true],"1536x1536":["https:\/\/gentomobil.ch\/wp-content\/uploads\/fortuna-e-00314.jpg",1350,900,false],"2048x2048":["https:\/\/gentomobil.ch\/wp-content\/uploads\/fortuna-e-00314.jpg",1350,900,false],"trp-custom-language-flag":["https:\/\/gentomobil.ch\/wp-content\/uploads\/fortuna-e-00314-18x12.jpg",18,12,true],"woocommerce_thumbnail":["https:\/\/gentomobil.ch\/wp-content\/uploads\/fortuna-e-00314-300x200.jpg",300,200,true],"woocommerce_single":["https:\/\/gentomobil.ch\/wp-content\/uploads\/fortuna-e-00314-600x400.jpg",600,400,true],"woocommerce_gallery_thumbnail":["https:\/\/gentomobil.ch\/wp-content\/uploads\/fortuna-e-00314-100x100.jpg",100,100,true]},"uagb_author_info":{"display_name":"gencturk.tolga","author_link":"https:\/\/gentomobil.ch\/fr\/author\/"},"uagb_comment_info":0,"uagb_excerpt":"Das Elektromobil f\u00e4hrt 20 km\/h schnell und hat eine Reichweite von 70km - 100km. F\u00fcr jedes Alter der perfekte Begleiter.","_links":{"self":[{"href":"https:\/\/gentomobil.ch\/fr\/wp-json\/wp\/v2\/product\/6657","targetHints":{"allow":["GET"]}}],"collection":[{"href":"https:\/\/gentomobil.ch\/fr\/wp-json\/wp\/v2\/product"}],"about":[{"href":"https:\/\/gentomobil.ch\/fr\/wp-json\/wp\/v2\/types\/product"}],"replies":[{"embeddable":true,"href":"https:\/\/gentomobil.ch\/fr\/wp-json\/wp\/v2\/comments?post=6657"}],"version-history":[{"count":19,"href":"https:\/\/gentomobil.ch\/fr\/wp-json\/wp\/v2\/product\/6657\/revisions"}],"predecessor-version":[{"id":7795,"href":"https:\/\/gentomobil.ch\/fr\/wp-json\/wp\/v2\/product\/6657\/revisions\/7795"}],"wp:featuredmedia":[{"embeddable":true,"href":"https:\/\/gentomobil.ch\/fr\/wp-json\/wp\/v2\/media\/7744"}],"wp:attachment":[{"href":"https:\/\/gentomobil.ch\/fr\/wp-json\/wp\/v2\/media?parent=6657"}],"wp:term":[{"taxonomy":"product_brand","embeddable":true,"href":"https:\/\/gentomobil.ch\/fr\/wp-json\/wp\/v2\/product_brand?post=6657"},{"taxonomy":"product_cat","embeddable":true,"href":"https:\/\/gentomobil.ch\/fr\/wp-json\/wp\/v2\/product_cat?post=6657"},{"taxonomy":"product_tag","embeddable":true,"href":"https:\/\/gentomobil.ch\/fr\/wp-json\/wp\/v2\/product_tag?post=6657"}],"curies":[{"name":"wp","href":"https:\/\/api.w.org\/{rel}","templated":true}]}}