{"id":6886,"date":"2024-09-04T11:06:44","date_gmt":"2024-09-04T11:06:44","guid":{"rendered":"https:\/\/gentomobil.ch\/?post_type=product&#038;p=6886"},"modified":"2026-04-30T03:52:00","modified_gmt":"2026-04-30T03:52:00","slug":"elektromobil-es3-2","status":"publish","type":"product","link":"https:\/\/gentomobil.ch\/fr\/product\/elektromobil-es3-2\/","title":{"rendered":"Elektromobil ES3 All in One 20km\/h"},"content":{"rendered":"<h2 data-start=\"443\" data-end=\"492\"><\/h2>\n<h2 data-start=\"443\" data-end=\"492\">Elektromobil ES3 All in One \u2013 Mobilit\u00e4t ohne Grenzen<\/h2>\n<p data-start=\"494\" data-end=\"827\"><strong>Das Modell ES3 All in One ist die perfekte L\u00f6sung f\u00fcr alle, die mobil bleiben m\u00f6chten \u2013 bequem, sicher und ohne F\u00fchrerschein. Es f\u00e4hrt bis zu 20 km\/h schnell und bietet eine Reichweite von 30 bis 50 Kilometern. Die Steigf\u00e4higkeit betr\u00e4gt\u00a0je nach Zuladung 10% bis 15%. Damit eignet es sich ideal f\u00fcr in der Stadt oder entspannte Fahrten auf dem Land.<\/strong><\/p>\n<h2 data-start=\"829\" data-end=\"859\">Bequem und sicher unterwegs<\/h2>\n<p data-start=\"861\" data-end=\"1133\"><strong>Der ergonomische Lenker sorgt f\u00fcr eine angenehme Fahrposition. Dadurch bleibt das Fahren auch bei l\u00e4ngeren Strecken komfortabel.<\/strong><\/p>\n<p data-start=\"861\" data-end=\"1133\"><strong>Gut zu wissen: Sie d\u00fcrfen das Modell ES3 All in One, ohne F\u00fchrerschein fahren \u2013 sogar bereits ab 16 Jahren!<\/strong><\/p>\n<h2 data-start=\"1242\" data-end=\"1269\">Vorteile auf einen Blick<\/h2>\n<p data-start=\"1271\" data-end=\"1588\">\u2714\ufe0f <strong data-start=\"1274\" data-end=\"1314\">Bis zu 20 km\/h H\u00f6chstgeschwindigkeit<\/strong><br data-start=\"1314\" data-end=\"1317\" \/>\ud83d\udc49 <strong data-start=\"1320\" data-end=\"1343\">30\u201350 km Reichweite<\/strong> <strong>\u2013 je nach Gel\u00e4nde und Fahrweise<\/strong><br data-start=\"1375\" data-end=\"1378\" \/>\u2714\ufe0f <strong data-start=\"1381\" data-end=\"1417\">Kein F\u00fchrerschein erforderlich<\/strong><br data-start=\"1417\" data-end=\"1420\" \/><strong data-start=\"1423\" data-end=\"1470\">\ud83d\udc49Ergonomischer Lenker f\u00fcr einfache Steuerung<\/strong><br data-start=\"1470\" data-end=\"1473\" \/>\u2714\ufe0f <strong data-start=\"1476\" data-end=\"1517\">Bequeme Federung f\u00fcr mehr Fahrkomfort<\/strong><br data-start=\"1517\" data-end=\"1520\" \/><strong data-start=\"1523\" data-end=\"1554\">\ud83d\udc49Bequemer Sitz\u00a0<\/strong><br data-start=\"1554\" data-end=\"1557\" \/>\u2714\ufe0f <strong data-start=\"1560\" data-end=\"1586\">Geringe Betriebskosten<\/strong><\/p>\n<h2 data-start=\"1590\" data-end=\"1615\">F\u00fcr den Alltag gemacht<\/h2>\n<p data-start=\"1617\" data-end=\"1809\"><strong>Der ES3 All in One ist nicht nur praktisch, sondern auch robust und zuverl\u00e4ssig. Ob Sie zum Arzt, zum Einkaufen oder einfach in den Park m\u00f6chten \u2013 dieses Elektromobil bringt Sie sicher ans Ziel.<\/strong><\/p>\n<p data-start=\"1811\" data-end=\"1921\"><strong>Au\u00dferdem: Sie fahren ganz legal auf dem Radstreifen, was die t\u00e4gliche Nutzung besonders einfach macht.<\/strong><\/p>\n<h2 data-start=\"1923\" data-end=\"1955\">Technische Daten im \u00dcberblick<\/h2>\n<p>&nbsp;<\/p>\n<ul data-start=\"1957\" data-end=\"2245\">\n<li style=\"list-style-type: none;\" data-start=\"1987\" data-end=\"2011\">\n<ul>\n<li><strong>Puissance du moteur 48 V, 500 watts<\/strong><\/li>\n<li><strong>Batterie: AGM 48V\/ 20Ah<\/strong><\/li>\n<li><strong>Trois niveaux de vitesse et une marche arri\u00e8re ainsi qu&#039;un interrupteur d&#039;urgence<\/strong><\/li>\n<li><strong>Affichage num\u00e9rique de la vitesse, de la batterie et du compteur kilom\u00e9trique<\/strong><\/li>\n<li><strong>Feu de stationnement \u00e0 LED, lumi\u00e8re \u00e0 LED, clignotants, feux de d\u00e9tresse, feux stop et klaxon<\/strong><\/li>\n<li><strong>Frein de stationnement \u00e9lectrique<\/strong><\/li>\n<li><strong>Frein avant hydraulique et frein arri\u00e8re \u00e0 friction<\/strong><\/li>\n<li><strong>Das Elektromobil verf\u00fcgt \u00fcber ein elektro\u00admagnetisches Bremssystem<\/strong><\/li>\n<li><strong>Prise de charge USB 5V<\/strong><\/li>\n<li><strong>Pneus sans chambre<\/strong><\/li>\n<li><strong>essieu diff\u00e9rentiel<\/strong><\/li>\n<li><strong>Leitungsschutzschalter LS-Schalter (Sicherung)<\/strong><\/li>\n<li><strong>Espace de rangement sous le si\u00e8ge<\/strong><\/li>\n<li><strong>Abschliessbare Kofferbox f\u00fcr Wertsachen<\/strong><\/li>\n<li><strong>Si\u00e8ge et dossier r\u00e9glables<\/strong><\/li>\n<li><strong>Selon l&#039;utilisation, le temps de charge est de trois \u00e0 huit heures<\/strong><\/li>\n<li><strong>Arr\u00eat automatique du chargeur<\/strong><\/li>\n<li>\n<p class=\"p1\"><strong>Masse: L\u00e4nge 1740mm, Breite 725mm, H\u00f6he 1440mm. Breite inkl. Spiegel 760mm<\/strong><\/p>\n<\/li>\n<\/ul>\n<\/li>\n<\/ul>\n<h2 data-start=\"2836\" data-end=\"2872\">F\u00fcr welche Personen eignet sich der <span data-start=\"511\" data-end=\"537\">ES3 All in One<\/span>?<\/h2>\n<p data-start=\"2874\" data-end=\"2908\"><strong>Dieses Elektromobil ist ideal f\u00fcr:<\/strong><\/p>\n<ul data-start=\"2910\" data-end=\"3082\">\n<li data-start=\"2910\" data-end=\"2949\">\n<p data-start=\"2912\" data-end=\"2949\"><strong>Senioren, die mobil bleiben m\u00f6chten<\/strong><\/p>\n<\/li>\n<li data-start=\"2950\" data-end=\"2992\">\n<p data-start=\"2952\" data-end=\"2992\"><strong>Menschen mit eingeschr\u00e4nkter Mobilit\u00e4t<\/strong><\/p>\n<\/li>\n<li data-start=\"2993\" data-end=\"3023\">\n<p data-start=\"2995\" data-end=\"3023\"><strong>Personen ohne F\u00fchrerschein<\/strong><\/p>\n<\/li>\n<li data-start=\"3024\" data-end=\"3082\">\n<p data-start=\"3026\" data-end=\"3082\"><strong>Alle, die sicher und komfortabel unterwegs sein wollen<\/strong><\/p>\n<\/li>\n<\/ul>\n<h2 data-start=\"3084\" data-end=\"3110\">Warum ein Elektromobil?<\/h2>\n<p data-start=\"3112\" data-end=\"3325\"><strong>Ein Elektromobil macht Sie im Alltag unabh\u00e4ngig und flexibel.<\/strong><br data-start=\"3177\" data-end=\"3180\" \/><strong>Zudem ist das Fahren emissionsfrei, leise und kosteng\u00fcnstig.<\/strong><br data-start=\"3248\" data-end=\"3251\" \/><strong>Sie erledigen Ihre Wege wieder selbst \u2013 ohne auf Hilfe angewiesen zu sein.<\/strong><\/p>\n<h2 data-start=\"3707\" data-end=\"3740\">Jetzt bestellen bei Gentomobil<\/h2>\n<p data-start=\"3742\" data-end=\"3904\"><strong>Erleben Sie neue Freiheiten im Alltag \u2013 mit dem ES3 All in One von Gentomobil.<\/strong><br data-start=\"3811\" data-end=\"3814\" \/><strong>\ud83d\udce6 Jetzt bestellen und bei Fragen einfach Kontakt aufnehmen \u2013 wir helfen gerne weiter!<\/strong><\/p>\n<p style=\"text-align: left;\" data-start=\"3742\" data-end=\"3904\"><strong>\ud83d\udc49 Entdecken Sie auch unser breites Sortiment an <a href=\"https:\/\/gentomobil.ch\/fr\/product-category\/elektromobile\/\">weiteren Modellen<\/a> \u2013 f\u00fcr jeden Bedarf die perfekte L\u00f6sung!<\/strong><\/p>","protected":false},"excerpt":{"rendered":"<p><strong>Das Dreirad-Elektromobil f\u00e4hrt 20 km\/h schnell und hat eine Reichweite von 30 bis 50 km. Das Modell ES3 All in One von Gentomobil: F\u00fcr jedes Alter der perfekte Begleiter.<\/strong><\/p>","protected":false},"featured_media":7140,"comment_status":"closed","ping_status":"closed","template":"","meta":{"om_disable_all_campaigns":false,"_uag_custom_page_level_css":"","_monsterinsights_skip_tracking":false,"_monsterinsights_sitenote_active":false,"_monsterinsights_sitenote_note":"","_monsterinsights_sitenote_category":0,"site-sidebar-layout":"default","site-content-layout":"","ast-site-content-layout":"default","site-content-style":"default","site-sidebar-style":"default","ast-global-header-display":"","ast-banner-title-visibility":"","ast-main-header-display":"","ast-hfb-above-header-display":"","ast-hfb-below-header-display":"","ast-hfb-mobile-header-display":"","site-post-title":"","ast-breadcrumbs-content":"","ast-featured-img":"","footer-sml-layout":"","ast-disable-related-posts":"","theme-transparent-header-meta":"default","adv-header-id-meta":"","stick-header-meta":"","header-above-stick-meta":"","header-main-stick-meta":"","header-below-stick-meta":"","astra-migrate-meta-layouts":"set","ast-page-background-enabled":"default","ast-page-background-meta":{"desktop":{"background-color":"","background-image":"","background-repeat":"repeat","background-position":"center center","background-size":"auto","background-attachment":"scroll","background-type":"","background-media":"","overlay-type":"","overlay-color":"","overlay-opacity":"","overlay-gradient":""},"tablet":{"background-color":"","background-image":"","background-repeat":"repeat","background-position":"center center","background-size":"auto","background-attachment":"scroll","background-type":"","background-media":"","overlay-type":"","overlay-color":"","overlay-opacity":"","overlay-gradient":""},"mobile":{"background-color":"","background-image":"","background-repeat":"repeat","background-position":"center center","background-size":"auto","background-attachment":"scroll","background-type":"","background-media":"","overlay-type":"","overlay-color":"","overlay-opacity":"","overlay-gradient":""}},"ast-content-background-meta":{"desktop":{"background-color":"var(--ast-global-color-5)","background-image":"","background-repeat":"repeat","background-position":"center center","background-size":"auto","background-attachment":"scroll","background-type":"","background-media":"","overlay-type":"","overlay-color":"","overlay-opacity":"","overlay-gradient":""},"tablet":{"background-color":"var(--ast-global-color-5)","background-image":"","background-repeat":"repeat","background-position":"center center","background-size":"auto","background-attachment":"scroll","background-type":"","background-media":"","overlay-type":"","overlay-color":"","overlay-opacity":"","overlay-gradient":""},"mobile":{"background-color":"var(--ast-global-color-5)","background-image":"","background-repeat":"repeat","background-position":"center center","background-size":"auto","background-attachment":"scroll","background-type":"","background-media":"","overlay-type":"","overlay-color":"","overlay-opacity":"","overlay-gradient":""}}},"product_brand":[],"product_cat":[35,57],"product_tag":[54,53],"class_list":{"0":"post-6886","1":"product","2":"type-product","3":"status-publish","4":"has-post-thumbnail","6":"product_cat-elektromobile","7":"product_cat-elektromobile-20kmh","8":"product_tag-elektromobil","9":"product_tag-seniorenmobil","10":"product_shipping_class-elektromobil","11":"desktop-align-left","12":"tablet-align-left","13":"mobile-align-left","15":"first","16":"instock","17":"taxable","18":"shipping-taxable","19":"purchasable","20":"product-type-variable"},"aioseo_notices":[],"uagb_featured_image_src":{"full":["https:\/\/gentomobil.ch\/wp-content\/uploads\/ES3-Bronzebraun_vorne-links.png",3000,3000,false],"thumbnail":["https:\/\/gentomobil.ch\/wp-content\/uploads\/ES3-Bronzebraun_vorne-links-150x150.png",150,150,true],"medium":["https:\/\/gentomobil.ch\/wp-content\/uploads\/ES3-Bronzebraun_vorne-links-300x300.png",300,300,true],"medium_large":["https:\/\/gentomobil.ch\/wp-content\/uploads\/ES3-Bronzebraun_vorne-links-768x768.png",768,768,true],"large":["https:\/\/gentomobil.ch\/wp-content\/uploads\/ES3-Bronzebraun_vorne-links-1024x1024.png",1024,1024,true],"1536x1536":["https:\/\/gentomobil.ch\/wp-content\/uploads\/ES3-Bronzebraun_vorne-links-1536x1536.png",1536,1536,true],"2048x2048":["https:\/\/gentomobil.ch\/wp-content\/uploads\/ES3-Bronzebraun_vorne-links-2048x2048.png",2048,2048,true],"trp-custom-language-flag":["https:\/\/gentomobil.ch\/wp-content\/uploads\/ES3-Bronzebraun_vorne-links-12x12.png",12,12,true],"woocommerce_thumbnail":["https:\/\/gentomobil.ch\/wp-content\/uploads\/ES3-Bronzebraun_vorne-links-300x300.png",300,300,true],"woocommerce_single":["https:\/\/gentomobil.ch\/wp-content\/uploads\/ES3-Bronzebraun_vorne-links-600x600.png",600,600,true],"woocommerce_gallery_thumbnail":["https:\/\/gentomobil.ch\/wp-content\/uploads\/ES3-Bronzebraun_vorne-links-100x100.png",100,100,true]},"uagb_author_info":{"display_name":"gencturk.tolga","author_link":"https:\/\/gentomobil.ch\/fr\/author\/"},"uagb_comment_info":0,"uagb_excerpt":"Das Dreirad-Elektromobil f\u00e4hrt 20 km\/h schnell und hat eine Reichweite von 30 bis 50 km. Das Modell ES3 All in One von Gentomobil: F\u00fcr jedes Alter der perfekte Begleiter.","_links":{"self":[{"href":"https:\/\/gentomobil.ch\/fr\/wp-json\/wp\/v2\/product\/6886","targetHints":{"allow":["GET"]}}],"collection":[{"href":"https:\/\/gentomobil.ch\/fr\/wp-json\/wp\/v2\/product"}],"about":[{"href":"https:\/\/gentomobil.ch\/fr\/wp-json\/wp\/v2\/types\/product"}],"replies":[{"embeddable":true,"href":"https:\/\/gentomobil.ch\/fr\/wp-json\/wp\/v2\/comments?post=6886"}],"version-history":[{"count":17,"href":"https:\/\/gentomobil.ch\/fr\/wp-json\/wp\/v2\/product\/6886\/revisions"}],"predecessor-version":[{"id":7818,"href":"https:\/\/gentomobil.ch\/fr\/wp-json\/wp\/v2\/product\/6886\/revisions\/7818"}],"wp:featuredmedia":[{"embeddable":true,"href":"https:\/\/gentomobil.ch\/fr\/wp-json\/wp\/v2\/media\/7140"}],"wp:attachment":[{"href":"https:\/\/gentomobil.ch\/fr\/wp-json\/wp\/v2\/media?parent=6886"}],"wp:term":[{"taxonomy":"product_brand","embeddable":true,"href":"https:\/\/gentomobil.ch\/fr\/wp-json\/wp\/v2\/product_brand?post=6886"},{"taxonomy":"product_cat","embeddable":true,"href":"https:\/\/gentomobil.ch\/fr\/wp-json\/wp\/v2\/product_cat?post=6886"},{"taxonomy":"product_tag","embeddable":true,"href":"https:\/\/gentomobil.ch\/fr\/wp-json\/wp\/v2\/product_tag?post=6886"}],"curies":[{"name":"wp","href":"https:\/\/api.w.org\/{rel}","templated":true}]}}