{"id":6912,"date":"2024-09-30T09:16:13","date_gmt":"2024-09-30T09:16:13","guid":{"rendered":"https:\/\/gentomobil.ch\/?post_type=product&#038;p=6912"},"modified":"2025-09-23T10:01:12","modified_gmt":"2025-09-23T10:01:12","slug":"elektromobil-reisemobil-funny-faltbar","status":"publish","type":"product","link":"https:\/\/gentomobil.ch\/fr\/product\/elektromobil-reisemobil-funny-faltbar\/","title":{"rendered":"Elektromobil Reisemobil Funny faltbar 10Km\/h"},"content":{"rendered":"<p><b>Libert\u00e9 illimit\u00e9e avec Funny Motorhome<\/b><\/p>\n<p style=\"font-weight: 400;\">Pliable, puissant, incroyablement l\u00e9ger \u2013 c\u2019est le FUNNY. Le Funny peut \u00eatre pli\u00e9 et d\u00e9pli\u00e9 en quelques \u00e9tapes simples. Gr\u00e2ce \u00e0 son faible poids, il est tr\u00e8s facile \u00e0 charger. Moteur de roue arri\u00e8re de 250W. Vitesse r\u00e9glable 6 km\/h. Inclinaison 15%. Batterie au lithium amovible. D\u00e9sormais \u00e9galement disponible avec une batterie de vol, il peut donc facilement \u00eatre transport\u00e9 en avion comme bagage \u00e0 main pour les personnes ayant des difficult\u00e9s \u00e0 marcher. Batterie XL de 10 Ah disponible. Nouveau rehausseur pour les personnes de grande taille !<\/p>\n<h4>Unser Klappbares &#171;Funny\u00bb ideal zum Mitnehmen auch im Auto.\u00a0Es hat 3 Fahrstufen und ist leicht zu bedienen. Auch ein R\u00fcckw\u00e4rtsgang ist vorhanden.\u00a0Die einfache Bedienung zeichnet sich aus indem wir rechts den Gasgriff haben und zwei Bremsen.<\/h4>\n<h3><\/h3>\n<h3>\u00c9quipement:<\/h3>\n<ul>\n<li><strong>Dimensions pr\u00eat \u00e0 rouler : (HxLxL) 88 x 97 x 57<\/strong><\/li>\n<li><strong>Pli\u00e9 : (HxLxL) 52 x 97 x 57\u00a0<\/strong><\/li>\n<li>Affichage num\u00e9rique de la vitesse et de la batterie<\/li>\n<li>Lumi\u00e8re<\/li>\n<li>Frein \u00e0 main<\/li>\n<li>Batterie au lithium : 48V-7,8 Ah<\/li>\n<li>Freins avant et arri\u00e8re<\/li>\n<li>Espace de rangement derri\u00e8re le si\u00e8ge conducteur<\/li>\n<li>Si\u00e8ge et dossier r\u00e9glables<\/li>\n<li>Arr\u00eat automatique du chargeur<\/li>\n<\/ul>","protected":false},"excerpt":{"rendered":"<h4>Unser Klappbares &#171;Funny\u00bb ideal zum Mitnehmen auch im Auto. Von der Firma Hermap AG<\/h4>","protected":false},"featured_media":6918,"comment_status":"closed","ping_status":"closed","template":"","meta":{"om_disable_all_campaigns":false,"_uag_custom_page_level_css":"","_monsterinsights_skip_tracking":false,"_monsterinsights_sitenote_active":false,"_monsterinsights_sitenote_note":"","_monsterinsights_sitenote_category":0,"site-sidebar-layout":"default","site-content-layout":"","ast-site-content-layout":"default","site-content-style":"default","site-sidebar-style":"default","ast-global-header-display":"","ast-banner-title-visibility":"","ast-main-header-display":"","ast-hfb-above-header-display":"","ast-hfb-below-header-display":"","ast-hfb-mobile-header-display":"","site-post-title":"","ast-breadcrumbs-content":"","ast-featured-img":"","footer-sml-layout":"","ast-disable-related-posts":"","theme-transparent-header-meta":"default","adv-header-id-meta":"","stick-header-meta":"","header-above-stick-meta":"","header-main-stick-meta":"","header-below-stick-meta":"","astra-migrate-meta-layouts":"set","ast-page-background-enabled":"default","ast-page-background-meta":{"desktop":{"background-color":"","background-image":"","background-repeat":"repeat","background-position":"center center","background-size":"auto","background-attachment":"scroll","background-type":"","background-media":"","overlay-type":"","overlay-color":"","overlay-opacity":"","overlay-gradient":""},"tablet":{"background-color":"","background-image":"","background-repeat":"repeat","background-position":"center center","background-size":"auto","background-attachment":"scroll","background-type":"","background-media":"","overlay-type":"","overlay-color":"","overlay-opacity":"","overlay-gradient":""},"mobile":{"background-color":"","background-image":"","background-repeat":"repeat","background-position":"center center","background-size":"auto","background-attachment":"scroll","background-type":"","background-media":"","overlay-type":"","overlay-color":"","overlay-opacity":"","overlay-gradient":""}},"ast-content-background-meta":{"desktop":{"background-color":"var(--ast-global-color-5)","background-image":"","background-repeat":"repeat","background-position":"center center","background-size":"auto","background-attachment":"scroll","background-type":"","background-media":"","overlay-type":"","overlay-color":"","overlay-opacity":"","overlay-gradient":""},"tablet":{"background-color":"var(--ast-global-color-5)","background-image":"","background-repeat":"repeat","background-position":"center center","background-size":"auto","background-attachment":"scroll","background-type":"","background-media":"","overlay-type":"","overlay-color":"","overlay-opacity":"","overlay-gradient":""},"mobile":{"background-color":"var(--ast-global-color-5)","background-image":"","background-repeat":"repeat","background-position":"center center","background-size":"auto","background-attachment":"scroll","background-type":"","background-media":"","overlay-type":"","overlay-color":"","overlay-opacity":"","overlay-gradient":""}}},"product_brand":[],"product_cat":[35,56],"product_tag":[44],"class_list":{"0":"post-6912","1":"product","2":"type-product","3":"status-publish","4":"has-post-thumbnail","6":"product_cat-elektromobile","7":"product_cat-elektromobile-10kmh","8":"product_tag-elektromobil-gentomobil","9":"product_shipping_class-elektromobil","10":"desktop-align-left","11":"tablet-align-left","12":"mobile-align-left","14":"first","15":"instock","16":"sale","17":"taxable","18":"shipping-taxable","19":"purchasable","20":"product-type-variable","21":"has-default-attributes"},"aioseo_notices":[],"uagb_featured_image_src":{"full":["https:\/\/gentomobil.ch\/wp-content\/uploads\/2024\/09\/Mobot_005-e1741676648149.png",5184,3456,false],"thumbnail":["https:\/\/gentomobil.ch\/wp-content\/uploads\/2024\/09\/Mobot_005-e1741676648149-150x150.png",150,150,true],"medium":["https:\/\/gentomobil.ch\/wp-content\/uploads\/2024\/09\/Mobot_005-e1741676648149-300x200.png",300,200,true],"medium_large":["https:\/\/gentomobil.ch\/wp-content\/uploads\/2024\/09\/Mobot_005-e1741676648149-768x512.png",768,512,true],"large":["https:\/\/gentomobil.ch\/wp-content\/uploads\/2024\/09\/Mobot_005-e1741676648149-1024x683.png",1024,683,true],"1536x1536":["https:\/\/gentomobil.ch\/wp-content\/uploads\/2024\/09\/Mobot_005-e1741676648149-1536x1024.png",1536,1024,true],"2048x2048":["https:\/\/gentomobil.ch\/wp-content\/uploads\/2024\/09\/Mobot_005-e1741676648149-2048x1365.png",2048,1365,true],"trp-custom-language-flag":["https:\/\/gentomobil.ch\/wp-content\/uploads\/2024\/09\/Mobot_005-e1741676648149-18x12.png",18,12,true],"woocommerce_thumbnail":["https:\/\/gentomobil.ch\/wp-content\/uploads\/2024\/09\/Mobot_005-e1741676648149-300x200.png",300,200,true],"woocommerce_single":["https:\/\/gentomobil.ch\/wp-content\/uploads\/2024\/09\/Mobot_005-e1741676648149-600x400.png",600,400,true],"woocommerce_gallery_thumbnail":["https:\/\/gentomobil.ch\/wp-content\/uploads\/2024\/09\/Mobot_005-e1741676648149-100x100.png",100,100,true]},"uagb_author_info":{"display_name":"gencturk.tolga","author_link":"https:\/\/gentomobil.ch\/fr\/author\/"},"uagb_comment_info":0,"uagb_excerpt":"Unser Klappbares \"Funny\u00bb ideal zum Mitnehmen auch im Auto. Von der Firma Hermap AG","_links":{"self":[{"href":"https:\/\/gentomobil.ch\/fr\/wp-json\/wp\/v2\/product\/6912","targetHints":{"allow":["GET"]}}],"collection":[{"href":"https:\/\/gentomobil.ch\/fr\/wp-json\/wp\/v2\/product"}],"about":[{"href":"https:\/\/gentomobil.ch\/fr\/wp-json\/wp\/v2\/types\/product"}],"replies":[{"embeddable":true,"href":"https:\/\/gentomobil.ch\/fr\/wp-json\/wp\/v2\/comments?post=6912"}],"version-history":[{"count":4,"href":"https:\/\/gentomobil.ch\/fr\/wp-json\/wp\/v2\/product\/6912\/revisions"}],"predecessor-version":[{"id":7182,"href":"https:\/\/gentomobil.ch\/fr\/wp-json\/wp\/v2\/product\/6912\/revisions\/7182"}],"wp:featuredmedia":[{"embeddable":true,"href":"https:\/\/gentomobil.ch\/fr\/wp-json\/wp\/v2\/media\/6918"}],"wp:attachment":[{"href":"https:\/\/gentomobil.ch\/fr\/wp-json\/wp\/v2\/media?parent=6912"}],"wp:term":[{"taxonomy":"product_brand","embeddable":true,"href":"https:\/\/gentomobil.ch\/fr\/wp-json\/wp\/v2\/product_brand?post=6912"},{"taxonomy":"product_cat","embeddable":true,"href":"https:\/\/gentomobil.ch\/fr\/wp-json\/wp\/v2\/product_cat?post=6912"},{"taxonomy":"product_tag","embeddable":true,"href":"https:\/\/gentomobil.ch\/fr\/wp-json\/wp\/v2\/product_tag?post=6912"}],"curies":[{"name":"wp","href":"https:\/\/api.w.org\/{rel}","templated":true}]}}