{"id":7242,"date":"2025-03-23T07:14:30","date_gmt":"2025-03-23T07:14:30","guid":{"rendered":"https:\/\/gentomobil.ch\/?post_type=product&#038;p=7242"},"modified":"2026-03-30T19:48:59","modified_gmt":"2026-03-30T19:48:59","slug":"elektromobil-ardea-200-xs-rot-6km-h","status":"publish","type":"product","link":"https:\/\/gentomobil.ch\/fr\/product\/elektromobil-ardea-200-xs-rot-6km-h\/","title":{"rendered":"Elektromobil Ardea 200 XS rot 6km\/h"},"content":{"rendered":"<ul>\n<li>Unser kleinstes Mitglied der Ardea-Familie. Der CN200R \u00fcberzeugt durch seine Leichtigkeit und Handlichkeit.<\/li>\n<\/ul>\n<p>Produktdetails:<\/p>\n<ul>\n<li>Motor 270W<\/li>\n<li>Maximal 6 km\/h<\/li>\n<li>bis zu 11 Kilometer Distanz<\/li>\n<li>Maximal belastbar bis 113kg<\/li>\n<li>2x 12Ah 12V Akku<\/li>\n<li>Wendekreis: 123cm<\/li>\n<li>L106 x B52 x H80cm<\/li>\n<li>Vorne und Hinten 19,5&#215;5 PU R\u00e4der<\/li>\n<li>12% Steigf\u00e4higkeit<\/li>\n<li>auf Wunsch auch in weiss erh\u00e4ltlich<\/li>\n<\/ul>\n<p>Weiteres:<br \/>\nDieses Produkt ist nur \u00fcber den eShop erh\u00e4ltlich.<\/p>\n<ul>\n<li>Ein tolles Design, robust und zuverl\u00e4ssig.<br \/>\nLe v\u00e9hicule \u00e9lectrique est \u00e9quip\u00e9 de tout le confort que vous pourriez souhaiter - le compagnon id\u00e9al pour tous les \u00e2ges.<\/li>\n<\/ul>\n<p>&nbsp;<\/p>","protected":false},"excerpt":{"rendered":"<p>Elektromobil Ardea 200 XS, 10km\/h.<\/p>","protected":false},"featured_media":7243,"comment_status":"open","ping_status":"closed","template":"","meta":{"om_disable_all_campaigns":false,"_uag_custom_page_level_css":"","_monsterinsights_skip_tracking":false,"_monsterinsights_sitenote_active":false,"_monsterinsights_sitenote_note":"","_monsterinsights_sitenote_category":0,"site-sidebar-layout":"default","site-content-layout":"","ast-site-content-layout":"default","site-content-style":"default","site-sidebar-style":"default","ast-global-header-display":"","ast-banner-title-visibility":"","ast-main-header-display":"","ast-hfb-above-header-display":"","ast-hfb-below-header-display":"","ast-hfb-mobile-header-display":"","site-post-title":"","ast-breadcrumbs-content":"","ast-featured-img":"","footer-sml-layout":"","ast-disable-related-posts":"","theme-transparent-header-meta":"default","adv-header-id-meta":"","stick-header-meta":"","header-above-stick-meta":"","header-main-stick-meta":"","header-below-stick-meta":"","astra-migrate-meta-layouts":"set","ast-page-background-enabled":"default","ast-page-background-meta":{"desktop":{"background-color":"","background-image":"","background-repeat":"repeat","background-position":"center center","background-size":"auto","background-attachment":"scroll","background-type":"","background-media":"","overlay-type":"","overlay-color":"","overlay-opacity":"","overlay-gradient":""},"tablet":{"background-color":"","background-image":"","background-repeat":"repeat","background-position":"center center","background-size":"auto","background-attachment":"scroll","background-type":"","background-media":"","overlay-type":"","overlay-color":"","overlay-opacity":"","overlay-gradient":""},"mobile":{"background-color":"","background-image":"","background-repeat":"repeat","background-position":"center center","background-size":"auto","background-attachment":"scroll","background-type":"","background-media":"","overlay-type":"","overlay-color":"","overlay-opacity":"","overlay-gradient":""}},"ast-content-background-meta":{"desktop":{"background-color":"var(--ast-global-color-5)","background-image":"","background-repeat":"repeat","background-position":"center center","background-size":"auto","background-attachment":"scroll","background-type":"","background-media":"","overlay-type":"","overlay-color":"","overlay-opacity":"","overlay-gradient":""},"tablet":{"background-color":"var(--ast-global-color-5)","background-image":"","background-repeat":"repeat","background-position":"center center","background-size":"auto","background-attachment":"scroll","background-type":"","background-media":"","overlay-type":"","overlay-color":"","overlay-opacity":"","overlay-gradient":""},"mobile":{"background-color":"var(--ast-global-color-5)","background-image":"","background-repeat":"repeat","background-position":"center center","background-size":"auto","background-attachment":"scroll","background-type":"","background-media":"","overlay-type":"","overlay-color":"","overlay-opacity":"","overlay-gradient":""}}},"product_brand":[],"product_cat":[35,56],"product_tag":[54],"class_list":{"0":"post-7242","1":"product","2":"type-product","3":"status-publish","4":"has-post-thumbnail","6":"product_cat-elektromobile","7":"product_cat-elektromobile-10kmh","8":"product_tag-elektromobil","9":"desktop-align-left","10":"tablet-align-left","11":"mobile-align-left","13":"first","14":"instock","15":"sold-individually","16":"taxable","17":"shipping-taxable","18":"purchasable","19":"product-type-simple"},"aioseo_notices":[],"uagb_featured_image_src":{"full":["https:\/\/gentomobil.ch\/wp-content\/uploads\/elektromobil-ardea-200-xs-rot-6km-h-max-113kg-270w._8GegL4TVHcO7G5DYvWHbA.IuFg_.B.2.jpg",1140,800,false],"thumbnail":["https:\/\/gentomobil.ch\/wp-content\/uploads\/elektromobil-ardea-200-xs-rot-6km-h-max-113kg-270w._8GegL4TVHcO7G5DYvWHbA.IuFg_.B.2-150x150.jpg",150,150,true],"medium":["https:\/\/gentomobil.ch\/wp-content\/uploads\/elektromobil-ardea-200-xs-rot-6km-h-max-113kg-270w._8GegL4TVHcO7G5DYvWHbA.IuFg_.B.2-300x211.jpg",300,211,true],"medium_large":["https:\/\/gentomobil.ch\/wp-content\/uploads\/elektromobil-ardea-200-xs-rot-6km-h-max-113kg-270w._8GegL4TVHcO7G5DYvWHbA.IuFg_.B.2-768x539.jpg",768,539,true],"large":["https:\/\/gentomobil.ch\/wp-content\/uploads\/elektromobil-ardea-200-xs-rot-6km-h-max-113kg-270w._8GegL4TVHcO7G5DYvWHbA.IuFg_.B.2-1024x719.jpg",1024,719,true],"1536x1536":["https:\/\/gentomobil.ch\/wp-content\/uploads\/elektromobil-ardea-200-xs-rot-6km-h-max-113kg-270w._8GegL4TVHcO7G5DYvWHbA.IuFg_.B.2.jpg",1140,800,false],"2048x2048":["https:\/\/gentomobil.ch\/wp-content\/uploads\/elektromobil-ardea-200-xs-rot-6km-h-max-113kg-270w._8GegL4TVHcO7G5DYvWHbA.IuFg_.B.2.jpg",1140,800,false],"trp-custom-language-flag":["https:\/\/gentomobil.ch\/wp-content\/uploads\/elektromobil-ardea-200-xs-rot-6km-h-max-113kg-270w._8GegL4TVHcO7G5DYvWHbA.IuFg_.B.2-18x12.jpg",18,12,true],"woocommerce_thumbnail":["https:\/\/gentomobil.ch\/wp-content\/uploads\/elektromobil-ardea-200-xs-rot-6km-h-max-113kg-270w._8GegL4TVHcO7G5DYvWHbA.IuFg_.B.2-300x211.jpg",300,211,true],"woocommerce_single":["https:\/\/gentomobil.ch\/wp-content\/uploads\/elektromobil-ardea-200-xs-rot-6km-h-max-113kg-270w._8GegL4TVHcO7G5DYvWHbA.IuFg_.B.2-600x421.jpg",600,421,true],"woocommerce_gallery_thumbnail":["https:\/\/gentomobil.ch\/wp-content\/uploads\/elektromobil-ardea-200-xs-rot-6km-h-max-113kg-270w._8GegL4TVHcO7G5DYvWHbA.IuFg_.B.2-100x100.jpg",100,100,true]},"uagb_author_info":{"display_name":"gencturk.tolga","author_link":"https:\/\/gentomobil.ch\/fr\/author\/"},"uagb_comment_info":0,"uagb_excerpt":"Elektromobil Ardea 200 XS, 10km\/h.","_links":{"self":[{"href":"https:\/\/gentomobil.ch\/fr\/wp-json\/wp\/v2\/product\/7242","targetHints":{"allow":["GET"]}}],"collection":[{"href":"https:\/\/gentomobil.ch\/fr\/wp-json\/wp\/v2\/product"}],"about":[{"href":"https:\/\/gentomobil.ch\/fr\/wp-json\/wp\/v2\/types\/product"}],"replies":[{"embeddable":true,"href":"https:\/\/gentomobil.ch\/fr\/wp-json\/wp\/v2\/comments?post=7242"}],"version-history":[{"count":2,"href":"https:\/\/gentomobil.ch\/fr\/wp-json\/wp\/v2\/product\/7242\/revisions"}],"predecessor-version":[{"id":7271,"href":"https:\/\/gentomobil.ch\/fr\/wp-json\/wp\/v2\/product\/7242\/revisions\/7271"}],"wp:featuredmedia":[{"embeddable":true,"href":"https:\/\/gentomobil.ch\/fr\/wp-json\/wp\/v2\/media\/7243"}],"wp:attachment":[{"href":"https:\/\/gentomobil.ch\/fr\/wp-json\/wp\/v2\/media?parent=7242"}],"wp:term":[{"taxonomy":"product_brand","embeddable":true,"href":"https:\/\/gentomobil.ch\/fr\/wp-json\/wp\/v2\/product_brand?post=7242"},{"taxonomy":"product_cat","embeddable":true,"href":"https:\/\/gentomobil.ch\/fr\/wp-json\/wp\/v2\/product_cat?post=7242"},{"taxonomy":"product_tag","embeddable":true,"href":"https:\/\/gentomobil.ch\/fr\/wp-json\/wp\/v2\/product_tag?post=7242"}],"curies":[{"name":"wp","href":"https:\/\/api.w.org\/{rel}","templated":true}]}}