{"id":7620,"date":"2025-12-20T08:32:27","date_gmt":"2025-12-20T08:32:27","guid":{"rendered":"https:\/\/gentomobil.ch\/?post_type=product&#038;p=7620"},"modified":"2026-04-03T05:52:20","modified_gmt":"2026-04-03T05:52:20","slug":"elektromobil-swapa-45km-h","status":"publish","type":"product","link":"https:\/\/gentomobil.ch\/fr\/product\/elektromobil-swapa-45km-h\/","title":{"rendered":"SWAPA ZIP 45km\/h"},"content":{"rendered":"<h2 data-start=\"443\" data-end=\"492\"><\/h2>\n<h2 data-start=\"443\" data-end=\"492\">Elektromobil Swapa Zip \u2013 Mobilit\u00e4t ohne Grenzen<\/h2>\n<p data-start=\"494\" data-end=\"827\"><span data-start=\"511\" data-end=\"537\">Das Modell <\/span><strong data-start=\"511\" data-end=\"537\">SWAPA ZIP<\/strong> ist die perfekte L\u00f6sung f\u00fcr alle, die mobil bleiben m\u00f6chten. Es f\u00e4hrt bis zu 45<strong data-start=\"658\" data-end=\"677\">\u00a0km\/h schnell<\/strong> und bietet eine <strong data-start=\"694\" data-end=\"733\">Reichweite von 65 bis 100 Kilometern<\/strong>. Damit eignet es sich ideal f\u00fcr in der Stadt oder entspannte Fahrten auf dem Land.<\/p>\n<h2 data-start=\"829\" data-end=\"859\">Bequem und sicher unterwegs<\/h2>\n<p data-start=\"861\" data-end=\"1133\"><strong data-start=\"1135\" data-end=\"1153\">Gut zu wissen:<\/strong> Sie d\u00fcrfen das Modell SWAPA mit Kategorie F fahren.<\/p>\n<h2 data-start=\"1242\" data-end=\"1269\">Vorteile auf einen Blick<\/h2>\n<p data-start=\"1271\" data-end=\"1588\">\u2714\ufe0f <strong data-start=\"1274\" data-end=\"1314\">Bis zu 45 km\/h H\u00f6chstgeschwindigkeit<\/strong><br data-start=\"1314\" data-end=\"1317\" \/>\ud83d\udc49 <strong>65-100 km Reichweite<\/strong> \u2013 je nach Gel\u00e4nde und Fahrweise sowie Geschwindigkeit\u00a0<br data-start=\"1375\" data-end=\"1378\" \/>\u2714\ufe0f<strong data-start=\"1381\" data-end=\"1417\">F\u00fchrerschein Kategorie F<\/strong><br data-start=\"1417\" data-end=\"1420\" \/><strong data-start=\"1423\" data-end=\"1470\">\ud83d\udc49Ergonomischer Lenker f\u00fcr einfache Steuerung<\/strong><br data-start=\"1470\" data-end=\"1473\" \/>\u2714\ufe0f <strong data-start=\"1476\" data-end=\"1517\">Bequeme Federung f\u00fcr mehr Fahrkomfort<\/strong><br data-start=\"1517\" data-end=\"1520\" \/><strong data-start=\"1523\" data-end=\"1554\">\ud83d\udc49Bequemer Sitz\u00a0<\/strong><br data-start=\"1554\" data-end=\"1557\" \/>\u2714\ufe0f <strong data-start=\"1560\" data-end=\"1586\">Geringe Betriebskosten<\/strong><\/p>\n<h2 data-start=\"1590\" data-end=\"1615\">F\u00fcr den Alltag gemacht<\/h2>\n<p data-start=\"1617\" data-end=\"1809\">Der SWAPA ist nicht nur praktisch, sondern auch <strong data-start=\"1668\" data-end=\"1694\">robust und zuverl\u00e4ssig<\/strong>. Ob Sie zum Arzt, zum Einkaufen oder einfach zur Arbeit fahren m\u00f6chten \u2013 dieses Elektromobil bringt Sie sicher ans Ziel.<\/p>\n<h2 data-start=\"1923\" data-end=\"1955\">Technische Daten im \u00dcberblick<\/h2>\n<p>&nbsp;<\/p>\n<ul>\n<li data-start=\"1989\" data-end=\"2011\"><strong>Modell: SWAPA ZIP<\/strong><\/li>\n<li data-start=\"2014\" data-end=\"2049\"><strong>Geschwindigkeit: max. 45 km\/h<\/strong><\/li>\n<li data-start=\"2052\" data-end=\"2082\"><strong>Reichweite: ca. 65-100 km<\/strong><\/li>\n<li data-start=\"2085\" data-end=\"2126\"><strong>Batterie: 72V<\/strong><\/li>\n<li><strong>Batterietyp Lithiumbatterie<\/strong><\/li>\n<li><strong>Nennkapazit\u00e4t der Batterie 89,6 Ah<\/strong><\/li>\n<li><strong>Gesamtkapazit\u00e4t der Batterie 6,45 kWh<\/strong><\/li>\n<li data-start=\"2085\" data-end=\"2126\"><strong>AC-Asynchronmotor<\/strong><\/li>\n<li><strong>Getriebe TYP, Automatik einstufig<\/strong><\/li>\n<li data-start=\"2085\" data-end=\"2126\"><strong>Ladezeit (-5 \u00b0C bis 35 \u00b0C, 20\u201380 %) 3,5 Stunden<\/strong><\/li>\n<li><strong>Reifengr\u00f6sse 115 70R 16<\/strong><\/li>\n<li data-start=\"2210\" data-end=\"2245\"><strong>Motorleistung: 72V, 4Kw<\/strong><\/li>\n<\/ul>\n<h3 data-start=\"2247\" data-end=\"2270\">Weitere Ausstattung<\/h3>\n<p>&nbsp;<\/p>\n<ul>\n<li data-start=\"2274\" data-end=\"2290\"><strong>AC &#8211; Klimaanlage\u00a0<\/strong><\/li>\n<li data-start=\"2274\" data-end=\"2290\"><strong>R\u00fcckfahrkamera<\/strong><\/li>\n<li><strong>Panoramaschiebedach<\/strong><\/li>\n<li><strong> Verdeckter T\u00fcrgriff\u00a0<\/strong><\/li>\n<li><strong>Elektronisch klappbarer Spiegel<\/strong><\/li>\n<li><strong>Sportlenkrad<\/strong><\/li>\n<li><strong>Bedienelemente am Lenkrad<\/strong><\/li>\n<li><strong>Verstellbares Lenkrad<\/strong><\/li>\n<li><strong> Stauraum unter dem Vordersitz<\/strong><\/li>\n<li><strong>Scheibenbremse vorne und hinten<\/strong><\/li>\n<li><strong>12,3-Zoll-Touchscreen-Display<\/strong><\/li>\n<li><strong>FM\/AM-Radio<\/strong><\/li>\n<li><strong>Bluetooth Verbindung<\/strong><\/li>\n<li><strong>2 USB-Anschl\u00fcsse innen (Typ A\/C)<\/strong><\/li>\n<li data-start=\"2293\" data-end=\"2350\"><strong>Digitale Anzeige (Geschwindigkeit, Batterie, Kilometer)<\/strong><\/li>\n<li data-start=\"2353\" data-end=\"2366\"><strong>Syst\u00e8me d&#039;alarme<\/strong><\/li>\n<li data-start=\"2369\" data-end=\"2417\"><strong>Elektrische Fensterheber &amp; Scheibenwaschanlage<\/strong><\/li>\n<li data-start=\"2420\" data-end=\"2448\"><strong>Heizung &amp; Innenraumgebl\u00e4se<\/strong><\/li>\n<li data-start=\"2451\" data-end=\"2493\"><strong>Bluetooth-Soundsystem &amp; Freisprechanlage<\/strong><\/li>\n<li data-start=\"2496\" data-end=\"2554\"><strong>LED-Lichtsystem (inkl. Blinker, Warnblinker, Bremslicht)<\/strong><\/li>\n<li data-start=\"2629\" data-end=\"2650\"><strong>Pneus sans chambre<\/strong><\/li>\n<li data-start=\"2686\" data-end=\"2718\"><strong>Stauraum hinter dem Fahrersitz<\/strong><\/li>\n<li data-start=\"2721\" data-end=\"2755\"><strong>Verstellbarer Sitz &amp; R\u00fcckenlehne<\/strong><\/li>\n<li><strong>16 Zoll Alufelgen<\/strong><\/li>\n<li><strong>Dreipunkt-Sicherheitsgurt<\/strong><\/li>\n<li data-start=\"2798\" data-end=\"2834\"><strong>In verschiedenen Farben erh\u00e4ltlich<\/strong><\/li>\n<\/ul>\n<h2 data-start=\"3084\" data-end=\"3110\">Warum ein Elektromobil?<\/h2>\n<p data-start=\"3112\" data-end=\"3325\">Ein Elektromobil macht Sie im Alltag <strong data-start=\"3149\" data-end=\"3176\">unabh\u00e4ngig und flexibel<\/strong>.<br data-start=\"3177\" data-end=\"3180\" \/><strong data-start=\"3180\" data-end=\"3189\">Zudem<\/strong> ist das Fahren <strong data-start=\"3205\" data-end=\"3247\">emissionsfrei, leise und kosteng\u00fcnstig<\/strong>.<br data-start=\"3248\" data-end=\"3251\" \/>Sie erledigen Ihre Wege wieder selbst \u2013 ohne auf Hilfe angewiesen zu sein.<\/p>\n<h2 data-start=\"3707\" data-end=\"3740\">Jetzt bestellen bei Gentomobil<\/h2>\n<p data-start=\"3742\" data-end=\"3904\">Erleben Sie neue Freiheiten im Alltag \u2013 mit dem SWAPA von Gentomobil.<br data-start=\"3811\" data-end=\"3814\" \/>Bei Fragen einfach Kontakt aufnehmen \u2013 wir helfen gerne weiter!<\/p>\n<p style=\"text-align: left;\" data-start=\"3742\" data-end=\"3904\">\ud83d\udc49 Entdecken Sie auch unser breites Sortiment an <a href=\"https:\/\/gentomobil.ch\/fr\/product-category\/elektromobile\/\">weiteren Modellen<\/a> \u2013 f\u00fcr jeden Bedarf die perfekte L\u00f6sung!<\/p>","protected":false},"excerpt":{"rendered":"<p>Das Elektromobil f\u00e4hrt 45 km\/h schnell und hat eine Reichweite von 65 bis 100 km. F\u00fcr jedes Alter der perfekte Begleiter.<\/p>","protected":false},"featured_media":7627,"comment_status":"closed","ping_status":"closed","template":"","meta":{"om_disable_all_campaigns":false,"_uag_custom_page_level_css":"","_monsterinsights_skip_tracking":false,"_monsterinsights_sitenote_active":false,"_monsterinsights_sitenote_note":"","_monsterinsights_sitenote_category":0,"site-sidebar-layout":"default","site-content-layout":"","ast-site-content-layout":"default","site-content-style":"default","site-sidebar-style":"default","ast-global-header-display":"","ast-banner-title-visibility":"","ast-main-header-display":"","ast-hfb-above-header-display":"","ast-hfb-below-header-display":"","ast-hfb-mobile-header-display":"","site-post-title":"","ast-breadcrumbs-content":"","ast-featured-img":"","footer-sml-layout":"","ast-disable-related-posts":"","theme-transparent-header-meta":"default","adv-header-id-meta":"","stick-header-meta":"","header-above-stick-meta":"","header-main-stick-meta":"","header-below-stick-meta":"","astra-migrate-meta-layouts":"set","ast-page-background-enabled":"default","ast-page-background-meta":{"desktop":{"background-color":"","background-image":"","background-repeat":"repeat","background-position":"center center","background-size":"auto","background-attachment":"scroll","background-type":"","background-media":"","overlay-type":"","overlay-color":"","overlay-opacity":"","overlay-gradient":""},"tablet":{"background-color":"","background-image":"","background-repeat":"repeat","background-position":"center center","background-size":"auto","background-attachment":"scroll","background-type":"","background-media":"","overlay-type":"","overlay-color":"","overlay-opacity":"","overlay-gradient":""},"mobile":{"background-color":"","background-image":"","background-repeat":"repeat","background-position":"center center","background-size":"auto","background-attachment":"scroll","background-type":"","background-media":"","overlay-type":"","overlay-color":"","overlay-opacity":"","overlay-gradient":""}},"ast-content-background-meta":{"desktop":{"background-color":"var(--ast-global-color-5)","background-image":"","background-repeat":"repeat","background-position":"center center","background-size":"auto","background-attachment":"scroll","background-type":"","background-media":"","overlay-type":"","overlay-color":"","overlay-opacity":"","overlay-gradient":""},"tablet":{"background-color":"var(--ast-global-color-5)","background-image":"","background-repeat":"repeat","background-position":"center center","background-size":"auto","background-attachment":"scroll","background-type":"","background-media":"","overlay-type":"","overlay-color":"","overlay-opacity":"","overlay-gradient":""},"mobile":{"background-color":"var(--ast-global-color-5)","background-image":"","background-repeat":"repeat","background-position":"center center","background-size":"auto","background-attachment":"scroll","background-type":"","background-media":"","overlay-type":"","overlay-color":"","overlay-opacity":"","overlay-gradient":""}}},"product_brand":[65,63,64],"product_cat":[35,58],"product_tag":[75],"class_list":{"0":"post-7620","1":"product","2":"type-product","3":"status-publish","4":"has-post-thumbnail","6":"product_brand-elektromobil-45km-h","7":"product_brand-elektromobil-swapa","8":"product_brand-swapa","9":"product_cat-elektromobile","10":"product_cat-elektromobile-45kmh","11":"product_tag-swapa-zip-45km-h-elektromobil-bei-gentomobil","12":"product_shipping_class-elektromobil","13":"desktop-align-left","14":"tablet-align-left","15":"mobile-align-left","17":"first","18":"instock","19":"taxable","20":"shipping-taxable","21":"purchasable","22":"product-type-variable"},"aioseo_notices":[],"uagb_featured_image_src":{"full":["https:\/\/gentomobil.ch\/wp-content\/uploads\/ZIP_360_Hero-2.gif",716,402,false],"thumbnail":["https:\/\/gentomobil.ch\/wp-content\/uploads\/ZIP_360_Hero-2-150x150.gif",150,150,true],"medium":["https:\/\/gentomobil.ch\/wp-content\/uploads\/ZIP_360_Hero-2-300x168.gif",300,168,true],"medium_large":["https:\/\/gentomobil.ch\/wp-content\/uploads\/ZIP_360_Hero-2.gif",716,402,false],"large":["https:\/\/gentomobil.ch\/wp-content\/uploads\/ZIP_360_Hero-2.gif",716,402,false],"1536x1536":["https:\/\/gentomobil.ch\/wp-content\/uploads\/ZIP_360_Hero-2.gif",716,402,false],"2048x2048":["https:\/\/gentomobil.ch\/wp-content\/uploads\/ZIP_360_Hero-2.gif",716,402,false],"trp-custom-language-flag":["https:\/\/gentomobil.ch\/wp-content\/uploads\/ZIP_360_Hero-2-18x10.gif",18,10,true],"woocommerce_thumbnail":["https:\/\/gentomobil.ch\/wp-content\/uploads\/ZIP_360_Hero-2-300x168.gif",300,168,true],"woocommerce_single":["https:\/\/gentomobil.ch\/wp-content\/uploads\/ZIP_360_Hero-2-600x337.gif",600,337,true],"woocommerce_gallery_thumbnail":["https:\/\/gentomobil.ch\/wp-content\/uploads\/ZIP_360_Hero-2-100x100.gif",100,100,true]},"uagb_author_info":{"display_name":"gencturk.tolga","author_link":"https:\/\/gentomobil.ch\/fr\/author\/"},"uagb_comment_info":0,"uagb_excerpt":"Das Elektromobil f\u00e4hrt 45 km\/h schnell und hat eine Reichweite von 65 bis 100 km. F\u00fcr jedes Alter der perfekte Begleiter.","_links":{"self":[{"href":"https:\/\/gentomobil.ch\/fr\/wp-json\/wp\/v2\/product\/7620","targetHints":{"allow":["GET"]}}],"collection":[{"href":"https:\/\/gentomobil.ch\/fr\/wp-json\/wp\/v2\/product"}],"about":[{"href":"https:\/\/gentomobil.ch\/fr\/wp-json\/wp\/v2\/types\/product"}],"replies":[{"embeddable":true,"href":"https:\/\/gentomobil.ch\/fr\/wp-json\/wp\/v2\/comments?post=7620"}],"version-history":[{"count":4,"href":"https:\/\/gentomobil.ch\/fr\/wp-json\/wp\/v2\/product\/7620\/revisions"}],"predecessor-version":[{"id":7630,"href":"https:\/\/gentomobil.ch\/fr\/wp-json\/wp\/v2\/product\/7620\/revisions\/7630"}],"wp:featuredmedia":[{"embeddable":true,"href":"https:\/\/gentomobil.ch\/fr\/wp-json\/wp\/v2\/media\/7627"}],"wp:attachment":[{"href":"https:\/\/gentomobil.ch\/fr\/wp-json\/wp\/v2\/media?parent=7620"}],"wp:term":[{"taxonomy":"product_brand","embeddable":true,"href":"https:\/\/gentomobil.ch\/fr\/wp-json\/wp\/v2\/product_brand?post=7620"},{"taxonomy":"product_cat","embeddable":true,"href":"https:\/\/gentomobil.ch\/fr\/wp-json\/wp\/v2\/product_cat?post=7620"},{"taxonomy":"product_tag","embeddable":true,"href":"https:\/\/gentomobil.ch\/fr\/wp-json\/wp\/v2\/product_tag?post=7620"}],"curies":[{"name":"wp","href":"https:\/\/api.w.org\/{rel}","templated":true}]}}