{"id":7635,"date":"2026-01-25T15:20:20","date_gmt":"2026-01-25T15:20:20","guid":{"rendered":"https:\/\/gentomobil.ch\/?post_type=product&#038;p=7635"},"modified":"2026-04-30T03:50:33","modified_gmt":"2026-04-30T03:50:33","slug":"elektromobil-es4-all-in-one-20km-h-mit-lithium-batterie","status":"publish","type":"product","link":"https:\/\/gentomobil.ch\/fr\/product\/elektromobil-es4-all-in-one-20km-h-mit-lithium-batterie\/","title":{"rendered":"Elektromobil ES4 All in One 20Km\/h mit 60V-30Ah Lithium Batterie"},"content":{"rendered":"<h2 data-start=\"443\" data-end=\"492\">Elektromobil ES4 All in One \u2013 Mobilit\u00e4t ohne Grenzen<\/h2>\n<p data-start=\"494\" data-end=\"827\"><span data-start=\"511\" data-end=\"537\">Das Modell ES4 All in One <\/span>ist die perfekte L\u00f6sung f\u00fcr alle, die mobil bleiben m\u00f6chten \u2013 <strong data-start=\"600\" data-end=\"640\">bequem, sicher und ohne F\u00fchrerschein<\/strong>. Es f\u00e4hrt bis zu <strong data-start=\"658\" data-end=\"677\">20 km\/h schnell<\/strong> und bietet eine <strong data-start=\"694\" data-end=\"733\">Reichweite von 35 bis 60 Kilometern<\/strong>. Die Steigf\u00e4higkeit betr\u00e4gt je nach Zuladung 10% bis 15%. Damit eignet es sich ideal f\u00fcr in der Stadt oder entspannte Fahrten auf dem Land.<\/p>\n<h2 data-start=\"829\" data-end=\"859\">Bequem und sicher unterwegs<\/h2>\n<p data-start=\"861\" data-end=\"1133\">Der ergonomische <strong>Lenker<\/strong> sorgt f\u00fcr eine angenehme Fahrposition. Dadurch bleibt das Fahren auch bei l\u00e4ngeren Strecken komfortabel.<\/p>\n<p data-start=\"861\" data-end=\"1133\"><strong data-start=\"1135\" data-end=\"1153\">Gut zu wissen:<\/strong> Sie d\u00fcrfen das Modell <span data-start=\"511\" data-end=\"537\">ES4 All in One,<\/span> <strong data-start=\"1178\" data-end=\"1199\">ohne F\u00fchrerschein<\/strong> fahren \u2013 sogar bereits ab <strong data-start=\"1226\" data-end=\"1239\">16 Jahren<\/strong>!<\/p>\n<h2 data-start=\"1242\" data-end=\"1269\">Vorteile auf einen Blick<\/h2>\n<p data-start=\"1271\" data-end=\"1588\">\u2714\ufe0f <strong data-start=\"1274\" data-end=\"1314\">Bis zu 20 km\/h H\u00f6chstgeschwindigkeit<\/strong><br data-start=\"1314\" data-end=\"1317\" \/>\ud83d\udc49 <strong>35\u201360 km Reichweite<\/strong> \u2013 je nach Gel\u00e4nde und Fahrweise<br data-start=\"1375\" data-end=\"1378\" \/>\u2714\ufe0f <strong data-start=\"1381\" data-end=\"1417\">Kein F\u00fchrerschein erforderlich<\/strong><br data-start=\"1417\" data-end=\"1420\" \/><strong data-start=\"1423\" data-end=\"1470\">\ud83d\udc49Ergonomischer Lenker f\u00fcr einfache Steuerung<\/strong><br data-start=\"1470\" data-end=\"1473\" \/>\u2714\ufe0f <strong data-start=\"1476\" data-end=\"1517\">Bequeme Federung f\u00fcr mehr Fahrkomfort<\/strong><br data-start=\"1517\" data-end=\"1520\" \/><strong data-start=\"1523\" data-end=\"1554\">\ud83d\udc49Bequemer Sitz\u00a0<\/strong><br data-start=\"1554\" data-end=\"1557\" \/>\u2714\ufe0f <strong data-start=\"1560\" data-end=\"1586\">Geringe Betriebskosten<\/strong><\/p>\n<h2 data-start=\"1590\" data-end=\"1615\">F\u00fcr den Alltag gemacht<\/h2>\n<p data-start=\"1617\" data-end=\"1809\">Der <span data-start=\"511\" data-end=\"537\">ES4 All in One<\/span> ist nicht nur praktisch, sondern auch <strong data-start=\"1668\" data-end=\"1694\">robust und zuverl\u00e4ssig<\/strong>. Ob Sie zum Arzt, zum Einkaufen oder einfach in den Park m\u00f6chten \u2013 dieses Elektromobil bringt Sie sicher ans Ziel.<\/p>\n<p data-start=\"1811\" data-end=\"1921\"><strong data-start=\"1811\" data-end=\"1823\">Au\u00dferdem<\/strong>: Sie fahren ganz legal auf dem <strong data-start=\"1855\" data-end=\"1870\">Radstreifen<\/strong>, was die t\u00e4gliche Nutzung besonders einfach macht.<\/p>\n<h2 data-start=\"1923\" data-end=\"1955\">Technische Daten im \u00dcberblick<\/h2>\n<p>&nbsp;<\/p>\n<ul data-start=\"1957\" data-end=\"2245\">\n<li style=\"list-style-type: none;\" data-start=\"1987\" data-end=\"2011\">\n<ul>\n<li><strong>Motorleistung 60V &#8211; 500 Watt<\/strong><\/li>\n<li><strong data-start=\"2085\" data-end=\"2098\">Batterie:<\/strong> <strong>Lithium Batterie 60V\/ 30Ah h<\/strong><b>erausnehmbar\u00a0<\/b><\/li>\n<li>Trois niveaux de vitesse et une marche arri\u00e8re ainsi qu&#039;un interrupteur d&#039;urgence<\/li>\n<li>Affichage num\u00e9rique de la vitesse, de la batterie et du compteur kilom\u00e9trique<\/li>\n<li>Feu de stationnement \u00e0 LED, lumi\u00e8re \u00e0 LED, clignotants, feux de d\u00e9tresse, feux stop et klaxon<\/li>\n<li><strong>Frein de stationnement \u00e9lectrique<\/strong><\/li>\n<li>Frein avant hydraulique et frein arri\u00e8re \u00e0 friction<\/li>\n<li><strong>Le v\u00e9hicule \u00e9lectrique est dot\u00e9 d&#039;un syst\u00e8me \u00e9lectromagn\u00e9tique<\/strong> <strong>Syst\u00e8me de freinage<\/strong><\/li>\n<li>Prise de charge USB 5V<\/li>\n<li>Pneus sans chambre<\/li>\n<li>essieu diff\u00e9rentiel<\/li>\n<li>Leitungsschutzschalter LS-Schalter (Sicherung)<\/li>\n<li>Espace de rangement sous le si\u00e8ge<\/li>\n<li>Abschliessbare Kofferbox f\u00fcr Wertsachen<\/li>\n<li>Si\u00e8ge et dossier r\u00e9glables<\/li>\n<li>Selon l&#039;utilisation, le temps de charge est de trois \u00e0 huit heures<\/li>\n<li>Arr\u00eat automatique du chargeur<\/li>\n<li>Masse: L\u00e4nge 1777mm, Breite 725mm, H\u00f6he 1440mm. Breite inkl. Spiegel 780mm<\/li>\n<\/ul>\n<\/li>\n<\/ul>\n<h2 data-start=\"2836\" data-end=\"2872\">F\u00fcr welche Personen eignet sich der <span data-start=\"511\" data-end=\"537\">ES4 All in One<\/span>?<\/h2>\n<p data-start=\"2874\" data-end=\"2908\">Dieses Elektromobil ist ideal f\u00fcr:<\/p>\n<ul data-start=\"2910\" data-end=\"3082\">\n<li data-start=\"2910\" data-end=\"2949\">\n<p data-start=\"2912\" data-end=\"2949\">Senioren, die mobil bleiben m\u00f6chten<\/p>\n<\/li>\n<li data-start=\"2950\" data-end=\"2992\">\n<p data-start=\"2952\" data-end=\"2992\">Menschen mit eingeschr\u00e4nkter Mobilit\u00e4t<\/p>\n<\/li>\n<li data-start=\"2993\" data-end=\"3023\">\n<p data-start=\"2995\" data-end=\"3023\">Personen ohne F\u00fchrerschein<\/p>\n<\/li>\n<li data-start=\"3024\" data-end=\"3082\">\n<p data-start=\"3026\" data-end=\"3082\">Alle, die sicher und komfortabel unterwegs sein wollen<\/p>\n<\/li>\n<\/ul>\n<h2 data-start=\"3084\" data-end=\"3110\">Warum ein Elektromobil?<\/h2>\n<p data-start=\"3112\" data-end=\"3325\">Ein Elektromobil macht Sie im Alltag <strong data-start=\"3149\" data-end=\"3176\">unabh\u00e4ngig und flexibel<\/strong>.<br data-start=\"3177\" data-end=\"3180\" \/><strong data-start=\"3180\" data-end=\"3189\">Zudem<\/strong> ist das Fahren <strong data-start=\"3205\" data-end=\"3247\">emissionsfrei, leise und kosteng\u00fcnstig<\/strong>.<br data-start=\"3248\" data-end=\"3251\" \/>Sie erledigen Ihre Wege wieder selbst \u2013 ohne auf Hilfe angewiesen zu sein.<\/p>\n<h2 data-start=\"3707\" data-end=\"3740\">Jetzt bestellen bei Gentomobil<\/h2>\n<p data-start=\"3742\" data-end=\"3904\">Erleben Sie neue Freiheiten im Alltag \u2013 mit dem <span data-start=\"511\" data-end=\"537\">ES4 All in One<\/span> von Gentomobil.<br data-start=\"3811\" data-end=\"3814\" \/>\ud83d\udce6 <strong data-start=\"3817\" data-end=\"3836\">Jetzt bestellen<\/strong> und bei Fragen einfach Kontakt aufnehmen \u2013 wir helfen gerne weiter!<\/p>\n<p style=\"text-align: left;\" data-start=\"3742\" data-end=\"3904\">\ud83d\udc49 Entdecken Sie auch unser breites Sortiment an <a href=\"https:\/\/gentomobil.ch\/fr\/product-category\/elektromobile\/\">weiteren Modellen<\/a> \u2013 f\u00fcr jeden Bedarf die perfekte L\u00f6sung!<\/p>\n<ul>\n<li>Un superbe design disponible en deux couleurs, robuste et fiable.<br \/>\nLe v\u00e9hicule \u00e9lectrique est \u00e9quip\u00e9 de tout le confort que vous pourriez souhaiter - le compagnon id\u00e9al pour tous les \u00e2ges.<\/li>\n<\/ul>","protected":false},"excerpt":{"rendered":"<p>Das Elektromobil f\u00e4hrt 20 km\/h schnell und hat eine Reichweite von 35 bis 45km. Das Modell ES4 All in One von Gentomobil: F\u00fcr jedes Alter der perfekte Begleiter.<\/p>","protected":false},"featured_media":7724,"comment_status":"closed","ping_status":"closed","template":"","meta":{"om_disable_all_campaigns":false,"_uag_custom_page_level_css":"","_monsterinsights_skip_tracking":false,"_monsterinsights_sitenote_active":false,"_monsterinsights_sitenote_note":"","_monsterinsights_sitenote_category":0,"site-sidebar-layout":"default","site-content-layout":"","ast-site-content-layout":"default","site-content-style":"default","site-sidebar-style":"default","ast-global-header-display":"","ast-banner-title-visibility":"","ast-main-header-display":"","ast-hfb-above-header-display":"","ast-hfb-below-header-display":"","ast-hfb-mobile-header-display":"","site-post-title":"","ast-breadcrumbs-content":"","ast-featured-img":"","footer-sml-layout":"","ast-disable-related-posts":"","theme-transparent-header-meta":"default","adv-header-id-meta":"","stick-header-meta":"","header-above-stick-meta":"","header-main-stick-meta":"","header-below-stick-meta":"","astra-migrate-meta-layouts":"set","ast-page-background-enabled":"default","ast-page-background-meta":{"desktop":{"background-color":"","background-image":"","background-repeat":"repeat","background-position":"center center","background-size":"auto","background-attachment":"scroll","background-type":"","background-media":"","overlay-type":"","overlay-color":"","overlay-opacity":"","overlay-gradient":""},"tablet":{"background-color":"","background-image":"","background-repeat":"repeat","background-position":"center center","background-size":"auto","background-attachment":"scroll","background-type":"","background-media":"","overlay-type":"","overlay-color":"","overlay-opacity":"","overlay-gradient":""},"mobile":{"background-color":"","background-image":"","background-repeat":"repeat","background-position":"center center","background-size":"auto","background-attachment":"scroll","background-type":"","background-media":"","overlay-type":"","overlay-color":"","overlay-opacity":"","overlay-gradient":""}},"ast-content-background-meta":{"desktop":{"background-color":"var(--ast-global-color-5)","background-image":"","background-repeat":"repeat","background-position":"center center","background-size":"auto","background-attachment":"scroll","background-type":"","background-media":"","overlay-type":"","overlay-color":"","overlay-opacity":"","overlay-gradient":""},"tablet":{"background-color":"var(--ast-global-color-5)","background-image":"","background-repeat":"repeat","background-position":"center center","background-size":"auto","background-attachment":"scroll","background-type":"","background-media":"","overlay-type":"","overlay-color":"","overlay-opacity":"","overlay-gradient":""},"mobile":{"background-color":"var(--ast-global-color-5)","background-image":"","background-repeat":"repeat","background-position":"center center","background-size":"auto","background-attachment":"scroll","background-type":"","background-media":"","overlay-type":"","overlay-color":"","overlay-opacity":"","overlay-gradient":""}}},"product_brand":[],"product_cat":[35,57],"product_tag":[44],"class_list":{"0":"post-7635","1":"product","2":"type-product","3":"status-publish","4":"has-post-thumbnail","6":"product_cat-elektromobile","7":"product_cat-elektromobile-20kmh","8":"product_tag-elektromobil-gentomobil","9":"product_shipping_class-elektromobil","10":"desktop-align-left","11":"tablet-align-left","12":"mobile-align-left","14":"first","15":"instock","16":"taxable","17":"shipping-taxable","18":"purchasable","19":"product-type-variable"},"aioseo_notices":[],"uagb_featured_image_src":{"full":["https:\/\/gentomobil.ch\/wp-content\/uploads\/IMG_5522-scaled.jpg",1440,2560,false],"thumbnail":["https:\/\/gentomobil.ch\/wp-content\/uploads\/IMG_5522-150x150.jpg",150,150,true],"medium":["https:\/\/gentomobil.ch\/wp-content\/uploads\/IMG_5522-169x300.jpg",169,300,true],"medium_large":["https:\/\/gentomobil.ch\/wp-content\/uploads\/IMG_5522-768x1365.jpg",768,1365,true],"large":["https:\/\/gentomobil.ch\/wp-content\/uploads\/IMG_5522-576x1024.jpg",576,1024,true],"1536x1536":["https:\/\/gentomobil.ch\/wp-content\/uploads\/IMG_5522-864x1536.jpg",864,1536,true],"2048x2048":["https:\/\/gentomobil.ch\/wp-content\/uploads\/IMG_5522-1152x2048.jpg",1152,2048,true],"trp-custom-language-flag":["https:\/\/gentomobil.ch\/wp-content\/uploads\/IMG_5522-7x12.jpg",7,12,true],"woocommerce_thumbnail":["https:\/\/gentomobil.ch\/wp-content\/uploads\/IMG_5522-300x533.jpg",300,533,true],"woocommerce_single":["https:\/\/gentomobil.ch\/wp-content\/uploads\/IMG_5522-600x1067.jpg",600,1067,true],"woocommerce_gallery_thumbnail":["https:\/\/gentomobil.ch\/wp-content\/uploads\/IMG_5522-100x100.jpg",100,100,true]},"uagb_author_info":{"display_name":"gencturk.tolga","author_link":"https:\/\/gentomobil.ch\/fr\/author\/"},"uagb_comment_info":0,"uagb_excerpt":"Das Elektromobil f\u00e4hrt 20 km\/h schnell und hat eine Reichweite von 35 bis 45km. Das Modell ES4 All in One von Gentomobil: F\u00fcr jedes Alter der perfekte Begleiter.","_links":{"self":[{"href":"https:\/\/gentomobil.ch\/fr\/wp-json\/wp\/v2\/product\/7635","targetHints":{"allow":["GET"]}}],"collection":[{"href":"https:\/\/gentomobil.ch\/fr\/wp-json\/wp\/v2\/product"}],"about":[{"href":"https:\/\/gentomobil.ch\/fr\/wp-json\/wp\/v2\/types\/product"}],"replies":[{"embeddable":true,"href":"https:\/\/gentomobil.ch\/fr\/wp-json\/wp\/v2\/comments?post=7635"}],"version-history":[{"count":6,"href":"https:\/\/gentomobil.ch\/fr\/wp-json\/wp\/v2\/product\/7635\/revisions"}],"predecessor-version":[{"id":7817,"href":"https:\/\/gentomobil.ch\/fr\/wp-json\/wp\/v2\/product\/7635\/revisions\/7817"}],"wp:featuredmedia":[{"embeddable":true,"href":"https:\/\/gentomobil.ch\/fr\/wp-json\/wp\/v2\/media\/7724"}],"wp:attachment":[{"href":"https:\/\/gentomobil.ch\/fr\/wp-json\/wp\/v2\/media?parent=7635"}],"wp:term":[{"taxonomy":"product_brand","embeddable":true,"href":"https:\/\/gentomobil.ch\/fr\/wp-json\/wp\/v2\/product_brand?post=7635"},{"taxonomy":"product_cat","embeddable":true,"href":"https:\/\/gentomobil.ch\/fr\/wp-json\/wp\/v2\/product_cat?post=7635"},{"taxonomy":"product_tag","embeddable":true,"href":"https:\/\/gentomobil.ch\/fr\/wp-json\/wp\/v2\/product_tag?post=7635"}],"curies":[{"name":"wp","href":"https:\/\/api.w.org\/{rel}","templated":true}]}}